{"id":37850,"date":"2022-02-27T18:25:05","date_gmt":"2022-02-27T15:27:44","guid":{"rendered":"https:\/\/kingarms.ee\/product\/taysmetallihaulikko-ak\/"},"modified":"2024-08-09T12:58:30","modified_gmt":"2024-08-09T09:58:30","slug":"pumppuss-base-metal-ak","status":"publish","type":"product","link":"https:\/\/kingarms.ee\/fi\/product\/pumppuss-base-metal-ak\/","title":{"rendered":"T\u00e4ysmetallihaulikko (A&amp;K)"},"content":{"rendered":"<p><img loading=\"lazy\" decoding=\"async\" class=\"alignnone size-medium wp-image-37837\" src=\"https:\/\/kingarms.ee\/wp-content\/uploads\/2022\/02\/1152228411_2-300x200.jpeg\" alt=\"\" width=\"300\" height=\"200\" srcset=\"https:\/\/kingarms.ee\/wp-content\/uploads\/2022\/02\/1152228411_2-300x200.jpeg 300w, https:\/\/kingarms.ee\/wp-content\/uploads\/2022\/02\/1152228411_2-1024x682.jpeg 1024w, https:\/\/kingarms.ee\/wp-content\/uploads\/2022\/02\/1152228411_2-768x512.jpeg 768w, https:\/\/kingarms.ee\/wp-content\/uploads\/2022\/02\/1152228411_2-1536x1024.jpeg 1536w, https:\/\/kingarms.ee\/wp-content\/uploads\/2022\/02\/1152228411_2-500x333.jpeg 500w, https:\/\/kingarms.ee\/wp-content\/uploads\/2022\/02\/1152228411_2-150x100.jpeg 150w, https:\/\/kingarms.ee\/wp-content\/uploads\/2022\/02\/1152228411_2.jpeg 2000w\" sizes=\"auto, (max-width: 300px) 100vw, 300px\" \/><\/p>\n","protected":false},"excerpt":{"rendered":"<p>T\u00e4ysmetallihaulikko (A&amp;amp;K)<\/p>\n<p>Sinun tarvitsee vain laittaa k\u00e4tesi t\u00e4h\u00e4n airsoft-haulikkoon tunteaksesi sen painon ja oppia itse, ettei se ole tavallinen lelu. T\u00e4m\u00e4n vahvistavat sek\u00e4 uskomattoman vahva rakenne ett\u00e4 sen valmistuksessa k\u00e4ytetyt materiaalit. Pistoolin k\u00e4densijan ja latauskahvan lis\u00e4ksi koko kopio on metallia &#8211; runko, alusta, kiskot, ulkoputki, veitsi jne.<\/p>\n<p>Tekniset tiedot<\/p>\n<p>Valmistettu metallista + muovista<br \/>\nNopeus[FPS] ~ 380<br \/>\nJousitettu virtal\u00e4hde<br \/>\nKuvaustyyppi Yksitt\u00e4inen<br \/>\nPituus[mm] 770-900<br \/>\nPaino [g] 3110<br \/>\nLokeron kapasiteetti[tk] 20<br \/>\nHop Up on s\u00e4\u00e4dett\u00e4viss\u00e4<\/p>\n","protected":false},"featured_media":37839,"template":"","meta":{"_acf_changed":false},"product_brand":[],"product_cat":[669],"product_tag":[],"class_list":{"0":"post-37850","1":"product","2":"type-product","3":"status-publish","4":"has-post-thumbnail","6":"product_cat-pumppuaseet","8":"first","9":"instock","10":"taxable","11":"shipping-taxable","12":"purchasable","13":"product-type-simple"},"acf":[],"_links":{"self":[{"href":"https:\/\/kingarms.ee\/fi\/wp-json\/wp\/v2\/product\/37850","targetHints":{"allow":["GET"]}}],"collection":[{"href":"https:\/\/kingarms.ee\/fi\/wp-json\/wp\/v2\/product"}],"about":[{"href":"https:\/\/kingarms.ee\/fi\/wp-json\/wp\/v2\/types\/product"}],"wp:featuredmedia":[{"embeddable":true,"href":"https:\/\/kingarms.ee\/fi\/wp-json\/wp\/v2\/media\/37839"}],"wp:attachment":[{"href":"https:\/\/kingarms.ee\/fi\/wp-json\/wp\/v2\/media?parent=37850"}],"wp:term":[{"taxonomy":"product_brand","embeddable":true,"href":"https:\/\/kingarms.ee\/fi\/wp-json\/wp\/v2\/product_brand?post=37850"},{"taxonomy":"product_cat","embeddable":true,"href":"https:\/\/kingarms.ee\/fi\/wp-json\/wp\/v2\/product_cat?post=37850"},{"taxonomy":"product_tag","embeddable":true,"href":"https:\/\/kingarms.ee\/fi\/wp-json\/wp\/v2\/product_tag?post=37850"}],"curies":[{"name":"wp","href":"https:\/\/api.w.org\/{rel}","templated":true}]}}