{"id":37879,"date":"2022-02-27T19:17:43","date_gmt":"2022-02-27T16:19:04","guid":{"rendered":"https:\/\/kingarms.ee\/product\/cnc-me-pro-hop-up-kammio-m4-m16\/"},"modified":"2024-08-09T12:57:46","modified_gmt":"2024-08-09T09:57:46","slug":"cnc-me-pro-hop-up-chamber-m4-m16","status":"publish","type":"product","link":"https:\/\/kingarms.ee\/fi\/product\/cnc-me-pro-hop-up-chamber-m4-m16\/","title":{"rendered":"CNC ME &#8211; PRO Hop-Up -kammio M4 \/ M16"},"content":{"rendered":"<p><img loading=\"lazy\" decoding=\"async\" class=\"alignnone size-medium wp-image-37855\" src=\"https:\/\/kingarms.ee\/wp-content\/uploads\/2022\/02\/1152229471_1-300x200.jpeg\" alt=\"\" width=\"300\" height=\"200\" srcset=\"https:\/\/kingarms.ee\/wp-content\/uploads\/2022\/02\/1152229471_1-300x200.jpeg 300w, https:\/\/kingarms.ee\/wp-content\/uploads\/2022\/02\/1152229471_1-1024x682.jpeg 1024w, https:\/\/kingarms.ee\/wp-content\/uploads\/2022\/02\/1152229471_1-768x512.jpeg 768w, https:\/\/kingarms.ee\/wp-content\/uploads\/2022\/02\/1152229471_1-1536x1024.jpeg 1536w, https:\/\/kingarms.ee\/wp-content\/uploads\/2022\/02\/1152229471_1-500x333.jpeg 500w, https:\/\/kingarms.ee\/wp-content\/uploads\/2022\/02\/1152229471_1-150x100.jpeg 150w, https:\/\/kingarms.ee\/wp-content\/uploads\/2022\/02\/1152229471_1.jpeg 2000w\" sizes=\"auto, (max-width: 300px) 100vw, 300px\" \/><\/p>\n","protected":false},"excerpt":{"rendered":"<p>CNC ME &#8211; PRO Hop-Up -kammio M4\/M16-kopioille (Maxx-malli)<\/p>\n<p>Alumiininen Hop-Up-kammio luotiin yhteisty\u00f6ss\u00e4 Specna Armsin ja Maxx Model Productsin kanssa. Maxx Model Productsin viritysosat on suunniteltu vaativimmille pelaajille ja tarjoavat ennenn\u00e4kem\u00e4tt\u00f6m\u00e4n viimeistelyn laadun ja HU-j\u00e4rjestelm\u00e4n t\u00e4ydellisen toiminnan markkinoilla.<\/p>\n<p>Erikoisalue:<\/p>\n<p>Pituus: 51 mm<br \/>\nKorkeus: 37,75 mm<br \/>\nNavan ulkohalkaisija (vaihteistolle): min 11 mm &#8211; max 11,5 mm<br \/>\nNavan ulkohalkaisija (ulkoputkelle): min 12 mm<br \/>\nNavan sis\u00e4halkaisija (suuttimelle): min 11 mm &#8211; max 8,3 mm<br \/>\nSy\u00f6tt\u00f6laitteen ulkohalkaisija (alustalle): min 11 mm &#8211; max 9,25 mm<br \/>\nSy\u00f6tt\u00f6laitteen pituus (alustalle): max 6,25 mm<br \/>\nMateriaali: Alumiini 6061<\/p>\n","protected":false},"featured_media":37855,"template":"","meta":{"_acf_changed":false},"product_brand":[],"product_cat":[275,276],"product_tag":[],"class_list":{"0":"post-37879","1":"product","2":"type-product","3":"status-publish","4":"has-post-thumbnail","6":"product_cat-viritys","7":"product_cat-varaosat","9":"first","10":"onbackorder","11":"taxable","12":"shipping-taxable","13":"product-type-simple"},"acf":[],"_links":{"self":[{"href":"https:\/\/kingarms.ee\/fi\/wp-json\/wp\/v2\/product\/37879","targetHints":{"allow":["GET"]}}],"collection":[{"href":"https:\/\/kingarms.ee\/fi\/wp-json\/wp\/v2\/product"}],"about":[{"href":"https:\/\/kingarms.ee\/fi\/wp-json\/wp\/v2\/types\/product"}],"wp:featuredmedia":[{"embeddable":true,"href":"https:\/\/kingarms.ee\/fi\/wp-json\/wp\/v2\/media\/37855"}],"wp:attachment":[{"href":"https:\/\/kingarms.ee\/fi\/wp-json\/wp\/v2\/media?parent=37879"}],"wp:term":[{"taxonomy":"product_brand","embeddable":true,"href":"https:\/\/kingarms.ee\/fi\/wp-json\/wp\/v2\/product_brand?post=37879"},{"taxonomy":"product_cat","embeddable":true,"href":"https:\/\/kingarms.ee\/fi\/wp-json\/wp\/v2\/product_cat?post=37879"},{"taxonomy":"product_tag","embeddable":true,"href":"https:\/\/kingarms.ee\/fi\/wp-json\/wp\/v2\/product_tag?post=37879"}],"curies":[{"name":"wp","href":"https:\/\/api.w.org\/{rel}","templated":true}]}}