{"id":37894,"date":"2022-02-27T19:24:58","date_gmt":"2022-02-27T16:26:48","guid":{"rendered":"https:\/\/kingarms.ee\/product\/4-ris-kiskopeitesarja-beige\/"},"modified":"2024-08-09T12:56:23","modified_gmt":"2024-08-09T09:56:23","slug":"4-ris-i-koysipeite-setti-beige","status":"publish","type":"product","link":"https:\/\/kingarms.ee\/fi\/product\/4-ris-i-koysipeite-setti-beige\/","title":{"rendered":"4 RIS-kiskopeitesarja &#8211; beige"},"content":{"rendered":"<p><img loading=\"lazy\" decoding=\"async\" class=\"alignnone size-medium wp-image-37891\" src=\"https:\/\/kingarms.ee\/wp-content\/uploads\/2022\/02\/1152225301_1-300x200.jpeg\" alt=\"\" width=\"300\" height=\"200\" srcset=\"https:\/\/kingarms.ee\/wp-content\/uploads\/2022\/02\/1152225301_1-300x200.jpeg 300w, https:\/\/kingarms.ee\/wp-content\/uploads\/2022\/02\/1152225301_1-768x512.jpeg 768w, https:\/\/kingarms.ee\/wp-content\/uploads\/2022\/02\/1152225301_1-500x333.jpeg 500w, https:\/\/kingarms.ee\/wp-content\/uploads\/2022\/02\/1152225301_1-150x100.jpeg 150w, https:\/\/kingarms.ee\/wp-content\/uploads\/2022\/02\/1152225301_1.jpeg 800w\" sizes=\"auto, (max-width: 300px) 100vw, 300px\" \/><\/p>\n","protected":false},"excerpt":{"rendered":"<p>Kannet on valmistettu kumista. Vahvistuksen j\u00e4lkeen kopio lep\u00e4\u00e4 vakaasti k\u00e4ytt\u00e4j\u00e4n k\u00e4dess\u00e4 eik\u00e4 luista. Sarja sis\u00e4lt\u00e4\u00e4 nelj\u00e4 175 mm pitk\u00e4\u00e4 kiskoa (ne voidaan leikata pienemmiksi tarvittaessa)<\/p>\n","protected":false},"featured_media":37891,"template":"","meta":{"_acf_changed":false},"product_brand":[],"product_cat":[245,268],"product_tag":[],"class_list":{"0":"post-37894","1":"product","2":"type-product","3":"status-publish","4":"has-post-thumbnail","6":"product_cat-kahvat-renkaat-vyot","7":"product_cat-muut","9":"first","10":"instock","11":"taxable","12":"shipping-taxable","13":"purchasable","14":"product-type-simple"},"acf":[],"_links":{"self":[{"href":"https:\/\/kingarms.ee\/fi\/wp-json\/wp\/v2\/product\/37894","targetHints":{"allow":["GET"]}}],"collection":[{"href":"https:\/\/kingarms.ee\/fi\/wp-json\/wp\/v2\/product"}],"about":[{"href":"https:\/\/kingarms.ee\/fi\/wp-json\/wp\/v2\/types\/product"}],"wp:featuredmedia":[{"embeddable":true,"href":"https:\/\/kingarms.ee\/fi\/wp-json\/wp\/v2\/media\/37891"}],"wp:attachment":[{"href":"https:\/\/kingarms.ee\/fi\/wp-json\/wp\/v2\/media?parent=37894"}],"wp:term":[{"taxonomy":"product_brand","embeddable":true,"href":"https:\/\/kingarms.ee\/fi\/wp-json\/wp\/v2\/product_brand?post=37894"},{"taxonomy":"product_cat","embeddable":true,"href":"https:\/\/kingarms.ee\/fi\/wp-json\/wp\/v2\/product_cat?post=37894"},{"taxonomy":"product_tag","embeddable":true,"href":"https:\/\/kingarms.ee\/fi\/wp-json\/wp\/v2\/product_tag?post=37894"}],"curies":[{"name":"wp","href":"https:\/\/api.w.org\/{rel}","templated":true}]}}