{"id":37932,"date":"2022-02-27T19:41:11","date_gmt":"2022-02-27T16:43:50","guid":{"rendered":"https:\/\/kingarms.ee\/product\/kyparan-paallinen-metsa-royal\/"},"modified":"2024-08-09T12:55:38","modified_gmt":"2024-08-09T09:55:38","slug":"kypara-metsa-kuninkaallinen","status":"publish","type":"product","link":"https:\/\/kingarms.ee\/fi\/product\/kypara-metsa-kuninkaallinen\/","title":{"rendered":"Kyp\u00e4r\u00e4n p\u00e4\u00e4llinen &#8211; mets\u00e4 (ROYAL)"},"content":{"rendered":"<p><img loading=\"lazy\" decoding=\"async\" class=\"alignnone size-medium wp-image-37927\" src=\"https:\/\/kingarms.ee\/wp-content\/uploads\/2022\/02\/copri-elmetto-woodland-jm-008w--300x300.jpeg\" alt=\"\" width=\"300\" height=\"300\" srcset=\"https:\/\/kingarms.ee\/wp-content\/uploads\/2022\/02\/copri-elmetto-woodland-jm-008w--300x300.jpeg 300w, https:\/\/kingarms.ee\/wp-content\/uploads\/2022\/02\/copri-elmetto-woodland-jm-008w--150x150.jpeg 150w, https:\/\/kingarms.ee\/wp-content\/uploads\/2022\/02\/copri-elmetto-woodland-jm-008w-.jpeg 500w\" sizes=\"auto, (max-width: 300px) 100vw, 300px\" \/><\/p>\n","protected":false},"excerpt":{"rendered":"<p>Kyp\u00e4r\u00e4n p\u00e4\u00e4llinen &#8211; Woodland<\/p>\n<p>Koko: universaali<\/p>\n","protected":false},"featured_media":37927,"template":"","meta":{"_acf_changed":false},"product_brand":[],"product_cat":[835],"product_tag":[],"class_list":{"0":"post-37932","1":"product","2":"type-product","3":"status-publish","4":"has-post-thumbnail","6":"product_cat-kyparakiinnikkeet","8":"first","9":"instock","10":"taxable","11":"shipping-taxable","12":"purchasable","13":"product-type-simple"},"acf":[],"_links":{"self":[{"href":"https:\/\/kingarms.ee\/fi\/wp-json\/wp\/v2\/product\/37932","targetHints":{"allow":["GET"]}}],"collection":[{"href":"https:\/\/kingarms.ee\/fi\/wp-json\/wp\/v2\/product"}],"about":[{"href":"https:\/\/kingarms.ee\/fi\/wp-json\/wp\/v2\/types\/product"}],"wp:featuredmedia":[{"embeddable":true,"href":"https:\/\/kingarms.ee\/fi\/wp-json\/wp\/v2\/media\/37927"}],"wp:attachment":[{"href":"https:\/\/kingarms.ee\/fi\/wp-json\/wp\/v2\/media?parent=37932"}],"wp:term":[{"taxonomy":"product_brand","embeddable":true,"href":"https:\/\/kingarms.ee\/fi\/wp-json\/wp\/v2\/product_brand?post=37932"},{"taxonomy":"product_cat","embeddable":true,"href":"https:\/\/kingarms.ee\/fi\/wp-json\/wp\/v2\/product_cat?post=37932"},{"taxonomy":"product_tag","embeddable":true,"href":"https:\/\/kingarms.ee\/fi\/wp-json\/wp\/v2\/product_tag?post=37932"}],"curies":[{"name":"wp","href":"https:\/\/api.w.org\/{rel}","templated":true}]}}