{"id":37959,"date":"2022-02-27T19:54:03","date_gmt":"2022-02-27T16:56:20","guid":{"rendered":"https:\/\/kingarms.ee\/product\/taktinen-liivi-sarja-invadergear\/"},"modified":"2024-08-09T12:54:13","modified_gmt":"2024-08-09T09:54:13","slug":"tactical-live-set-invadergear","status":"publish","type":"product","link":"https:\/\/kingarms.ee\/fi\/product\/tactical-live-set-invadergear\/","title":{"rendered":"Taktinen liivi \u2013 sarja (InvaderGear)"},"content":{"rendered":"<p><img loading=\"lazy\" decoding=\"async\" class=\"alignnone size-medium wp-image-37944\" src=\"https:\/\/kingarms.ee\/wp-content\/uploads\/2022\/02\/Mod-Carrier-Combo-CAD-ig9549large1-300x210.png\" alt=\"\" width=\"300\" height=\"210\" srcset=\"https:\/\/kingarms.ee\/wp-content\/uploads\/2022\/02\/Mod-Carrier-Combo-CAD-ig9549large1-300x210.png 300w, https:\/\/kingarms.ee\/wp-content\/uploads\/2022\/02\/Mod-Carrier-Combo-CAD-ig9549large1-1024x717.png 1024w, https:\/\/kingarms.ee\/wp-content\/uploads\/2022\/02\/Mod-Carrier-Combo-CAD-ig9549large1-768x538.png 768w, https:\/\/kingarms.ee\/wp-content\/uploads\/2022\/02\/Mod-Carrier-Combo-CAD-ig9549large1-500x350.png 500w, https:\/\/kingarms.ee\/wp-content\/uploads\/2022\/02\/Mod-Carrier-Combo-CAD-ig9549large1-150x105.png 150w, https:\/\/kingarms.ee\/wp-content\/uploads\/2022\/02\/Mod-Carrier-Combo-CAD-ig9549large1.png 1400w\" sizes=\"auto, (max-width: 300px) 100vw, 300px\" \/><\/p>\n","protected":false},"excerpt":{"rendered":"<p>Mod Carrier Combo on suunniteltu tarjoamaan monik\u00e4ytt\u00f6inen tuki ballistisille levyille, joilla on suuri pinta laitteiden kuljettamista varten t\u00e4ydellisen MOLLE-j\u00e4rjestelm\u00e4n ansiosta.<br \/>\nSe on valmistettu 600D-kankaasta kest\u00e4vyyden varmistamiseksi pit\u00e4en samalla pienen painon.<\/p>\n<p>Koukut ja silmukat yksikk\u00f6tunnusta tai moraalilappuja varten sek\u00e4 pelastusvipu nopeaa ja helppoa evakuointia varten vaara-alueelta sijaitsevat ylh\u00e4\u00e4ll\u00e4 edess\u00e4 ja takana.<\/p>\n<p>T\u00e4m\u00e4 liivi voi olla varustettu &#8220;Small Arms Protection Inserts&#8221; (SAPI-levyill\u00e4) tai vastaavilla kovilla ballistisilla levyill\u00e4. Se voidaan varustaa my\u00f6s sivulevyill\u00e4.<\/p>\n<p>Se on yleiskokoinen ja se voidaan kiinnitt\u00e4\u00e4 k\u00e4ytt\u00e4j\u00e4\u00e4n hihnoilla, joissa on koukut ja silmukat olkap\u00e4iss\u00e4 sek\u00e4 piilotettu s\u00e4\u00e4t\u00f6naru alasel\u00e4ss\u00e4.<\/p>\n<p>Mod Carrier Combon ominaisuudet:<br \/>\n1x Mod Carrier -liivi<br \/>\n2x kaksinkertainen M4-tyyppinen kirkas laukku<br \/>\n1x tuplapistoolilippu<br \/>\n1x tupla 40 mm kranaattilaukku<br \/>\n1x kokoontaitettava laukku<br \/>\n1x keskim\u00e4\u00e4r\u00e4inen kuluttajalaukku<br \/>\n1x yll\u00e4pit\u00e4j\u00e4n laukku<br \/>\n1x radiolaukku<br \/>\n1x nesteytyskanto (vesipussi)<\/p>\n","protected":false},"featured_media":37944,"template":"","meta":{"_acf_changed":false},"product_brand":[],"product_cat":[265],"product_tag":[],"class_list":{"0":"post-37959","1":"product","2":"type-product","3":"status-publish","4":"has-post-thumbnail","6":"product_cat-takit-ja-valjaat","8":"first","9":"instock","10":"taxable","11":"shipping-taxable","12":"purchasable","13":"product-type-simple"},"acf":[],"_links":{"self":[{"href":"https:\/\/kingarms.ee\/fi\/wp-json\/wp\/v2\/product\/37959","targetHints":{"allow":["GET"]}}],"collection":[{"href":"https:\/\/kingarms.ee\/fi\/wp-json\/wp\/v2\/product"}],"about":[{"href":"https:\/\/kingarms.ee\/fi\/wp-json\/wp\/v2\/types\/product"}],"wp:featuredmedia":[{"embeddable":true,"href":"https:\/\/kingarms.ee\/fi\/wp-json\/wp\/v2\/media\/37944"}],"wp:attachment":[{"href":"https:\/\/kingarms.ee\/fi\/wp-json\/wp\/v2\/media?parent=37959"}],"wp:term":[{"taxonomy":"product_brand","embeddable":true,"href":"https:\/\/kingarms.ee\/fi\/wp-json\/wp\/v2\/product_brand?post=37959"},{"taxonomy":"product_cat","embeddable":true,"href":"https:\/\/kingarms.ee\/fi\/wp-json\/wp\/v2\/product_cat?post=37959"},{"taxonomy":"product_tag","embeddable":true,"href":"https:\/\/kingarms.ee\/fi\/wp-json\/wp\/v2\/product_tag?post=37959"}],"curies":[{"name":"wp","href":"https:\/\/api.w.org\/{rel}","templated":true}]}}