{"id":38108,"date":"2022-03-01T17:54:35","date_gmt":"2022-03-01T15:17:34","guid":{"rendered":"https:\/\/kingarms.ee\/product\/baofeng-a58-radiolahetin\/"},"modified":"2024-08-09T12:53:30","modified_gmt":"2024-08-09T09:53:30","slug":"baofeng-a58-radiolahetin","status":"publish","type":"product","link":"https:\/\/kingarms.ee\/fi\/product\/baofeng-a58-radiolahetin\/","title":{"rendered":"Baofeng A58 radiol\u00e4hetin"},"content":{"rendered":"<p><img loading=\"lazy\" decoding=\"async\" class=\"alignnone size-medium wp-image-38079\" src=\"https:\/\/kingarms.ee\/wp-content\/uploads\/2022\/03\/eng_pl_BaoFeng-VHF-UHF-BF-A58-Duobander-PTT-Radio-5W-Waterproof-1800-mAh-23359_3-300x300.jpeg\" alt=\"\" width=\"300\" height=\"300\" srcset=\"https:\/\/kingarms.ee\/wp-content\/uploads\/2022\/03\/eng_pl_BaoFeng-VHF-UHF-BF-A58-Duobander-PTT-Radio-5W-Waterproof-1800-mAh-23359_3-300x300.jpeg 300w, https:\/\/kingarms.ee\/wp-content\/uploads\/2022\/03\/eng_pl_BaoFeng-VHF-UHF-BF-A58-Duobander-PTT-Radio-5W-Waterproof-1800-mAh-23359_3-150x150.jpeg 150w, https:\/\/kingarms.ee\/wp-content\/uploads\/2022\/03\/eng_pl_BaoFeng-VHF-UHF-BF-A58-Duobander-PTT-Radio-5W-Waterproof-1800-mAh-23359_3-500x500.jpeg 500w, https:\/\/kingarms.ee\/wp-content\/uploads\/2022\/03\/eng_pl_BaoFeng-VHF-UHF-BF-A58-Duobander-PTT-Radio-5W-Waterproof-1800-mAh-23359_3.jpeg 600w\" sizes=\"auto, (max-width: 300px) 100vw, 300px\" \/><\/p>\n","protected":false},"excerpt":{"rendered":"<p>Korkealaatuinen radiol\u00e4hetin iskun- ja vedenpit\u00e4v\u00e4 IP67.<\/p>\n<p>Tuotteen Kuvaus:<br \/>\n&#8211; Suuri ja helposti luettava kaksirivinen n\u00e4ytt\u00f6<br \/>\n&#8211; Taajuudet:<br \/>\n&#8211; 136-174 MHz &#8211; FM-l\u00e4hetys ja vastaanotto<br \/>\n&#8211; 400-520 MHz &#8211; FM-l\u00e4hetys ja vastaanotto<br \/>\n&#8211; 65-108 MHz &#8211; FM-radioasemien vastaanotto<br \/>\n&#8211; Laiteohjelmisto: versio 291 tai uudempi<br \/>\n&#8211; 128 kanavaa muistissa<br \/>\n&#8211; Toon 1750 Hz<br \/>\n&#8211; Tony CTCSS- ja DTC-tila normaali ja k\u00e4\u00e4nteinen<br \/>\n&#8211; vuoroty\u00f6t\u00e4 (matkoille)<br \/>\n&#8211; Vaihe 5, 6,25, 10, 12,5, 25 kHz<br \/>\n&#8211; N\u00e4pp\u00e4imist\u00f6n lukitus<br \/>\n&#8211; Kaksitaajuinen kuuntelu (kaksoiskatselu)<br \/>\n&#8211; VOX-toiminto<br \/>\n&#8211; Taskulamppu<br \/>\n&#8211; Ohjelmoitava n\u00e4pp\u00e4imist\u00f6lt\u00e4 tai tietokoneelta<br \/>\n&#8211; L\u00e4hetyksen tehotason kytkin: korkea \/ matala<br \/>\n&#8211; Suurin l\u00e4hetysteho 5W<br \/>\n&#8211; Akku: 7,4 V, 1800 mAh<\/p>\n<p>Setti sis\u00e4lt\u00e4\u00e4:<br \/>\n&#8211; 1x BF-A58 (KAKSIPUOLI, KAKSI N\u00c4YTT\u00d6\u00c4)<br \/>\n&#8211; 1x akku 1800 mAh<br \/>\n&#8211; 1x DUALBAND-antenni (pidempi tarvittaessa)<br \/>\n&#8211; 1x AC laturi + akun latausteline<br \/>\n&#8211; Kuulokkeet 1x PTT-mikrofonilla<br \/>\n&#8211; 1x kaulanauha<br \/>\n&#8211; 1x vy\u00f6pidike<\/p>\n","protected":false},"featured_media":136509,"template":"","meta":{"_acf_changed":false},"product_brand":[],"product_cat":[666],"product_tag":[],"class_list":{"0":"post-38108","1":"product","2":"type-product","3":"status-publish","4":"has-post-thumbnail","6":"product_cat-lahettajat","8":"first","9":"instock","10":"taxable","11":"shipping-taxable","12":"purchasable","13":"product-type-simple"},"acf":[],"_links":{"self":[{"href":"https:\/\/kingarms.ee\/fi\/wp-json\/wp\/v2\/product\/38108","targetHints":{"allow":["GET"]}}],"collection":[{"href":"https:\/\/kingarms.ee\/fi\/wp-json\/wp\/v2\/product"}],"about":[{"href":"https:\/\/kingarms.ee\/fi\/wp-json\/wp\/v2\/types\/product"}],"wp:featuredmedia":[{"embeddable":true,"href":"https:\/\/kingarms.ee\/fi\/wp-json\/wp\/v2\/media\/136509"}],"wp:attachment":[{"href":"https:\/\/kingarms.ee\/fi\/wp-json\/wp\/v2\/media?parent=38108"}],"wp:term":[{"taxonomy":"product_brand","embeddable":true,"href":"https:\/\/kingarms.ee\/fi\/wp-json\/wp\/v2\/product_brand?post=38108"},{"taxonomy":"product_cat","embeddable":true,"href":"https:\/\/kingarms.ee\/fi\/wp-json\/wp\/v2\/product_cat?post=38108"},{"taxonomy":"product_tag","embeddable":true,"href":"https:\/\/kingarms.ee\/fi\/wp-json\/wp\/v2\/product_tag?post=38108"}],"curies":[{"name":"wp","href":"https:\/\/api.w.org\/{rel}","templated":true}]}}