{"id":39464,"date":"2022-03-24T02:22:53","date_gmt":"2022-03-26T02:52:15","guid":{"rendered":"https:\/\/kingarms.ee\/product\/taktiset-kasineet-mechanix-m-pact-3-coyote\/"},"modified":"2024-08-09T12:39:52","modified_gmt":"2024-08-09T09:39:52","slug":"tactical-gloves-mechanix-m-pact-3-coyote","status":"publish","type":"product","link":"https:\/\/kingarms.ee\/fi\/product\/tactical-gloves-mechanix-m-pact-3-coyote\/","title":{"rendered":"Taktiset k\u00e4sineet Mechanix M-Pact 3 Coyote"},"content":{"rendered":"","protected":false},"excerpt":{"rendered":"<p>Mekaanisesti M-Pact 3 Coyote taktiset k\u00e4sineet anatomisesti muotoillulla TPR-nokkasuojalla.<br \/>\nYksiosainen anatomisesti muotoiltu termoplastinen kumi (TPR) on pehme\u00e4\u00e4, eritt\u00e4in kest\u00e4v\u00e4\u00e4 ja suojaa iskuja vastaan k\u00e4den takaosassa samalla, kun k\u00e4det ja sormet voivat liikkua vapaasti.<br \/>\nSuuresta nokkasuojasta huolimatta hanskat ovat eritt\u00e4in mukavat.<\/p>\n<p>Sormiosat on peitetty 3 mm EVA-pehmusteella.<br \/>\nSormenp\u00e4\u00e4t on vahvistettu ja kohokuvioitu tiukemman otteen takaamiseksi.<br \/>\nKaksiosainen k\u00e4mmen lis\u00e4\u00e4 kest\u00e4vyytt\u00e4 k\u00e4sineisiin.<br \/>\nTarrakiinnitys TPR-paneelilla sulkee k\u00e4sineet kunnolla.<br \/>\nKarabiinilla varustettu lenkki k\u00e4sineiden ripustamiseen.<br \/>\nK\u00e4sineet ovat konepest\u00e4vi\u00e4.<\/p>\n<p>P\u00e4\u00e4sovellukset:<br \/>\n&#8211; taktiset teht\u00e4v\u00e4t<br \/>\n&#8211; armeija ja lainvalvonta<br \/>\n&#8211; raskaiden koneiden kuljettajat<\/p>\n<p>CE EN388-3131<\/p>\n","protected":false},"featured_media":39312,"template":"","meta":{"_acf_changed":false},"product_brand":[],"product_cat":[262],"product_tag":[],"class_list":{"0":"post-39464","1":"product","2":"type-product","3":"status-publish","4":"has-post-thumbnail","6":"product_cat-kasineet","8":"first","9":"onbackorder","10":"sale","11":"taxable","12":"shipping-taxable","13":"product-type-variable","14":"has-default-attributes"},"acf":[],"_links":{"self":[{"href":"https:\/\/kingarms.ee\/fi\/wp-json\/wp\/v2\/product\/39464","targetHints":{"allow":["GET"]}}],"collection":[{"href":"https:\/\/kingarms.ee\/fi\/wp-json\/wp\/v2\/product"}],"about":[{"href":"https:\/\/kingarms.ee\/fi\/wp-json\/wp\/v2\/types\/product"}],"wp:featuredmedia":[{"embeddable":true,"href":"https:\/\/kingarms.ee\/fi\/wp-json\/wp\/v2\/media\/39312"}],"wp:attachment":[{"href":"https:\/\/kingarms.ee\/fi\/wp-json\/wp\/v2\/media?parent=39464"}],"wp:term":[{"taxonomy":"product_brand","embeddable":true,"href":"https:\/\/kingarms.ee\/fi\/wp-json\/wp\/v2\/product_brand?post=39464"},{"taxonomy":"product_cat","embeddable":true,"href":"https:\/\/kingarms.ee\/fi\/wp-json\/wp\/v2\/product_cat?post=39464"},{"taxonomy":"product_tag","embeddable":true,"href":"https:\/\/kingarms.ee\/fi\/wp-json\/wp\/v2\/product_tag?post=39464"}],"curies":[{"name":"wp","href":"https:\/\/api.w.org\/{rel}","templated":true}]}}