{"id":39728,"date":"2022-03-24T01:48:27","date_gmt":"2022-03-27T22:23:10","guid":{"rendered":"https:\/\/kingarms.ee\/product\/taktiset-kasineet-mechanix-m-pact-coyote\/"},"modified":"2024-08-09T12:43:23","modified_gmt":"2024-08-09T09:43:23","slug":"tactical-gloves-mechanix-m-pact-coyote","status":"publish","type":"product","link":"https:\/\/kingarms.ee\/fi\/product\/tactical-gloves-mechanix-m-pact-coyote\/","title":{"rendered":"Taktiset k\u00e4sineet Mechanix M-PACT Coyote"},"content":{"rendered":"","protected":false},"excerpt":{"rendered":"<p>Mechanic M-PACT Coyote taktiset k\u00e4sineet sopivat erinomaisesti armeijalle ja lainvalvontaan.<\/p>\n<p>Tihe\u00e4 EVA-vaahto suojaa etusormea iskuilta.<br \/>\nK\u00e4sineen verhoilu ja TPR-paneelit suojaavat kolhuilta ja naarmuilta.<br \/>\nTrekDry\u00ae-materiaalista valmistettu p\u00e4\u00e4llinen pit\u00e4\u00e4 k\u00e4tesi kuivina ja mukavina.<br \/>\nArmortex\u00ae-vahvistuspaneeli k\u00e4mmenelle.<br \/>\nD3O\u00ae k\u00e4mmenpehmuste vaimentaa iskuja ja t\u00e4rin\u00e4\u00e4.<br \/>\nVahvistetut sormenp\u00e4\u00e4t.<\/p>\n<p>K\u00e4sineet ovat konepest\u00e4vi\u00e4.<\/p>\n<p>P\u00e4\u00e4sovellukset:<br \/>\n&#8211; taktiset teht\u00e4v\u00e4t<br \/>\n&#8211; lainvalvonta<br \/>\n&#8211; ammuntaurheilu<br \/>\n&#8211; teollisuuden kunnossapito<\/p>\n","protected":false},"featured_media":39151,"template":"","meta":{"_acf_changed":false},"product_brand":[],"product_cat":[262],"product_tag":[],"class_list":{"0":"post-39728","1":"product","2":"type-product","3":"status-publish","4":"has-post-thumbnail","6":"product_cat-kasineet","8":"first","9":"onbackorder","10":"sale","11":"taxable","12":"shipping-taxable","13":"product-type-variable","14":"has-default-attributes"},"acf":[],"_links":{"self":[{"href":"https:\/\/kingarms.ee\/fi\/wp-json\/wp\/v2\/product\/39728","targetHints":{"allow":["GET"]}}],"collection":[{"href":"https:\/\/kingarms.ee\/fi\/wp-json\/wp\/v2\/product"}],"about":[{"href":"https:\/\/kingarms.ee\/fi\/wp-json\/wp\/v2\/types\/product"}],"wp:featuredmedia":[{"embeddable":true,"href":"https:\/\/kingarms.ee\/fi\/wp-json\/wp\/v2\/media\/39151"}],"wp:attachment":[{"href":"https:\/\/kingarms.ee\/fi\/wp-json\/wp\/v2\/media?parent=39728"}],"wp:term":[{"taxonomy":"product_brand","embeddable":true,"href":"https:\/\/kingarms.ee\/fi\/wp-json\/wp\/v2\/product_brand?post=39728"},{"taxonomy":"product_cat","embeddable":true,"href":"https:\/\/kingarms.ee\/fi\/wp-json\/wp\/v2\/product_cat?post=39728"},{"taxonomy":"product_tag","embeddable":true,"href":"https:\/\/kingarms.ee\/fi\/wp-json\/wp\/v2\/product_tag?post=39728"}],"curies":[{"name":"wp","href":"https:\/\/api.w.org\/{rel}","templated":true}]}}