{"id":39855,"date":"2022-03-23T02:42:28","date_gmt":"2022-03-27T22:53:56","guid":{"rendered":"https:\/\/kingarms.ee\/product\/taktiset-kasineet-mechanix-fastfit-olive-drab\/"},"modified":"2024-08-09T12:48:32","modified_gmt":"2024-08-09T09:48:32","slug":"tactical-gloves-mechanix-fastfit-olive-drab","status":"publish","type":"product","link":"https:\/\/kingarms.ee\/fi\/product\/tactical-gloves-mechanix-fastfit-olive-drab\/","title":{"rendered":"Taktiset k\u00e4sineet Mechanix FastFit Olive Drab"},"content":{"rendered":"","protected":false},"excerpt":{"rendered":"<p>Taktiset k\u00e4sineet Mechanix FastFit OD ovat kosketusn\u00e4ytt\u00f6yst\u00e4v\u00e4lliset.<br \/>\nTactical-sarjan k\u00e4sineiss\u00e4 Mechanix FastFit OD on joustava avoin ranneosa, jonka ansiosta k\u00e4sineet voidaan kiinnitt\u00e4\u00e4 ja irrottaa eritt\u00e4in nopeasti.<br \/>\nStretch-sorminivelpaneelit tarjoavat mukavan, mukavan ja joustavan k\u00e4yt\u00f6n.<br \/>\nPid\u00e4 k\u00e4tesi viilein\u00e4 ja kuivina TrekDry\u00ae kosteutta siirt\u00e4v\u00e4ll\u00e4 materiaalilla ranteessa ja k\u00e4sineess\u00e4.<br \/>\nK\u00e4sineen sis\u00e4puoli on valmistettu kest\u00e4v\u00e4st\u00e4 synteettisest\u00e4 nahasta.<br \/>\nLenkki hansikkaiden ripustamiseen.<br \/>\nK\u00e4sineet ovat konepest\u00e4vi\u00e4.<br \/>\nK\u00e4sineet toimivat kosketusn\u00e4yt\u00f6n kanssa.<\/p>\n<p>P\u00e4\u00e4sovellukset:<br \/>\n&#8211; lainvalvonta<br \/>\n&#8211; taktiset teht\u00e4v\u00e4t<br \/>\n&#8211; ammuntaurheilu<\/p>\n<p>T\u00e4ytt\u00e4\u00e4 CE-standardin EN388 2121X<\/p>\n","protected":false},"featured_media":38979,"template":"","meta":{"_acf_changed":false},"product_brand":[],"product_cat":[262],"product_tag":[],"class_list":{"0":"post-39855","1":"product","2":"type-product","3":"status-publish","4":"has-post-thumbnail","6":"product_cat-kasineet","8":"first","9":"instock","10":"sale","11":"taxable","12":"shipping-taxable","13":"purchasable","14":"product-type-simple"},"acf":[],"_links":{"self":[{"href":"https:\/\/kingarms.ee\/fi\/wp-json\/wp\/v2\/product\/39855","targetHints":{"allow":["GET"]}}],"collection":[{"href":"https:\/\/kingarms.ee\/fi\/wp-json\/wp\/v2\/product"}],"about":[{"href":"https:\/\/kingarms.ee\/fi\/wp-json\/wp\/v2\/types\/product"}],"wp:featuredmedia":[{"embeddable":true,"href":"https:\/\/kingarms.ee\/fi\/wp-json\/wp\/v2\/media\/38979"}],"wp:attachment":[{"href":"https:\/\/kingarms.ee\/fi\/wp-json\/wp\/v2\/media?parent=39855"}],"wp:term":[{"taxonomy":"product_brand","embeddable":true,"href":"https:\/\/kingarms.ee\/fi\/wp-json\/wp\/v2\/product_brand?post=39855"},{"taxonomy":"product_cat","embeddable":true,"href":"https:\/\/kingarms.ee\/fi\/wp-json\/wp\/v2\/product_cat?post=39855"},{"taxonomy":"product_tag","embeddable":true,"href":"https:\/\/kingarms.ee\/fi\/wp-json\/wp\/v2\/product_tag?post=39855"}],"curies":[{"name":"wp","href":"https:\/\/api.w.org\/{rel}","templated":true}]}}