{"id":39860,"date":"2022-03-24T01:24:49","date_gmt":"2022-03-27T22:53:56","guid":{"rendered":"https:\/\/kingarms.ee\/product\/taktiset-kasineet-mechanix-m-pact-3-covert\/"},"modified":"2024-08-09T12:45:34","modified_gmt":"2024-08-09T09:45:34","slug":"tactical-gloves-mechanix-m-pact-3-covert","status":"publish","type":"product","link":"https:\/\/kingarms.ee\/fi\/product\/tactical-gloves-mechanix-m-pact-3-covert\/","title":{"rendered":"Taktiset k\u00e4sineet Mechanix M-Pact 3 Covert"},"content":{"rendered":"","protected":false},"excerpt":{"rendered":"<p>Tomaattik\u00e4sineet anatomisesti muotoillulla TPR-nokasuojalla Mechanix M-Pact 3 Covert.<br \/>\nYksiosainen anatomisesti muotoiltu termoplastinen kumi (TPR) on pehme\u00e4\u00e4, eritt\u00e4in kest\u00e4v\u00e4\u00e4 ja suojaa iskuja vastaan k\u00e4den takaosassa samalla, kun k\u00e4det ja sormet voivat liikkua vapaasti.<br \/>\nSuuresta nokkasuojasta huolimatta hanskat ovat eritt\u00e4in mukavat.<\/p>\n<p>Sormiosat on peitetty 3 mm EVA-pehmusteella.<br \/>\nSormenp\u00e4\u00e4t on vahvistettu ja kohokuvioitu tiukemman otteen takaamiseksi.<br \/>\nKaksiosainen k\u00e4mmen lis\u00e4\u00e4 kest\u00e4vyytt\u00e4 k\u00e4sineisiin.<br \/>\nTarrakiinnitys TPR-paneelilla sulkee k\u00e4sineet kunnolla.<br \/>\nKarabiinilla varustettu lenkki k\u00e4sineiden ripustamiseen.<br \/>\nK\u00e4sineet ovat konepest\u00e4vi\u00e4.<\/p>\n<p>P\u00e4\u00e4sovellukset:<br \/>\n&#8211; taktiset teht\u00e4v\u00e4t<br \/>\n&#8211; armeija ja lainvalvonta<br \/>\n&#8211; raskaiden koneiden kuljettajat<\/p>\n","protected":false},"featured_media":39127,"template":"","meta":{"_acf_changed":false},"product_brand":[],"product_cat":[262],"product_tag":[],"class_list":{"0":"post-39860","1":"product","2":"type-product","3":"status-publish","4":"has-post-thumbnail","6":"product_cat-kasineet","8":"first","9":"onbackorder","10":"sale","11":"taxable","12":"shipping-taxable","13":"product-type-simple"},"acf":[],"_links":{"self":[{"href":"https:\/\/kingarms.ee\/fi\/wp-json\/wp\/v2\/product\/39860","targetHints":{"allow":["GET"]}}],"collection":[{"href":"https:\/\/kingarms.ee\/fi\/wp-json\/wp\/v2\/product"}],"about":[{"href":"https:\/\/kingarms.ee\/fi\/wp-json\/wp\/v2\/types\/product"}],"wp:featuredmedia":[{"embeddable":true,"href":"https:\/\/kingarms.ee\/fi\/wp-json\/wp\/v2\/media\/39127"}],"wp:attachment":[{"href":"https:\/\/kingarms.ee\/fi\/wp-json\/wp\/v2\/media?parent=39860"}],"wp:term":[{"taxonomy":"product_brand","embeddable":true,"href":"https:\/\/kingarms.ee\/fi\/wp-json\/wp\/v2\/product_brand?post=39860"},{"taxonomy":"product_cat","embeddable":true,"href":"https:\/\/kingarms.ee\/fi\/wp-json\/wp\/v2\/product_cat?post=39860"},{"taxonomy":"product_tag","embeddable":true,"href":"https:\/\/kingarms.ee\/fi\/wp-json\/wp\/v2\/product_tag?post=39860"}],"curies":[{"name":"wp","href":"https:\/\/api.w.org\/{rel}","templated":true}]}}