{"id":40033,"date":"2022-03-23T02:30:42","date_gmt":"2022-03-27T22:53:59","guid":{"rendered":"https:\/\/kingarms.ee\/product\/taktiset-kasineet-mechanix-original-covert\/"},"modified":"2024-08-09T12:51:20","modified_gmt":"2024-08-09T09:51:20","slug":"tactical-gloves-mechanix-original-covert-2","status":"publish","type":"product","link":"https:\/\/kingarms.ee\/fi\/product\/tactical-gloves-mechanix-original-covert-2\/","title":{"rendered":"Taktiset k\u00e4sineet Mechanix Original Covert"},"content":{"rendered":"","protected":false},"excerpt":{"rendered":"<p>Eritt\u00e4in mukavat ja kest\u00e4v\u00e4t taktiset k\u00e4sineet Mechanix Original Covert.<br \/>\nTrekDry\u00ae-k\u00e4sineiden p\u00e4\u00e4llinen materiaali on eritt\u00e4in hengitt\u00e4v\u00e4\u00e4 ja pit\u00e4\u00e4 k\u00e4tesi kuivina.<br \/>\nK\u00e4mmen: kest\u00e4v\u00e4 mikrokuituinen synteettinen nahka, ilman saumoja.<br \/>\nRanneosa TPR-paneelilla ja tarrakiinnitys.<br \/>\nKarabiinilla varustettu lenkki k\u00e4sineiden ripustamiseen.<br \/>\nK\u00e4sineet ovat konepest\u00e4vi\u00e4.<\/p>\n<p>P\u00e4\u00e4sovellukset:<br \/>\n&#8211; armeija<br \/>\n&#8211; lainvalvonta<br \/>\n&#8211; ammuntaurheilu<br \/>\n&#8211; yll\u00e4pito ja korjaus<\/p>\n","protected":false},"featured_media":38963,"template":"","meta":{"_acf_changed":false},"product_brand":[],"product_cat":[262],"product_tag":[],"class_list":{"0":"post-40033","1":"product","2":"type-product","3":"status-publish","4":"has-post-thumbnail","6":"product_cat-kasineet","8":"first","9":"onbackorder","10":"sale","11":"taxable","12":"shipping-taxable","13":"product-type-variable","14":"has-default-attributes"},"acf":[],"_links":{"self":[{"href":"https:\/\/kingarms.ee\/fi\/wp-json\/wp\/v2\/product\/40033","targetHints":{"allow":["GET"]}}],"collection":[{"href":"https:\/\/kingarms.ee\/fi\/wp-json\/wp\/v2\/product"}],"about":[{"href":"https:\/\/kingarms.ee\/fi\/wp-json\/wp\/v2\/types\/product"}],"wp:featuredmedia":[{"embeddable":true,"href":"https:\/\/kingarms.ee\/fi\/wp-json\/wp\/v2\/media\/38963"}],"wp:attachment":[{"href":"https:\/\/kingarms.ee\/fi\/wp-json\/wp\/v2\/media?parent=40033"}],"wp:term":[{"taxonomy":"product_brand","embeddable":true,"href":"https:\/\/kingarms.ee\/fi\/wp-json\/wp\/v2\/product_brand?post=40033"},{"taxonomy":"product_cat","embeddable":true,"href":"https:\/\/kingarms.ee\/fi\/wp-json\/wp\/v2\/product_cat?post=40033"},{"taxonomy":"product_tag","embeddable":true,"href":"https:\/\/kingarms.ee\/fi\/wp-json\/wp\/v2\/product_tag?post=40033"}],"curies":[{"name":"wp","href":"https:\/\/api.w.org\/{rel}","templated":true}]}}