{"id":40331,"date":"2022-03-28T12:42:15","date_gmt":"2022-03-28T10:05:45","guid":{"rendered":"https:\/\/kingarms.ee\/product\/naisten-taktiset-kasineet-mechanix-naisten-fastfit-covert\/"},"modified":"2024-08-09T12:38:26","modified_gmt":"2024-08-09T09:38:26","slug":"taktiikka-naisten-hanskat-mechanix-naisten-fastfit-covert","status":"publish","type":"product","link":"https:\/\/kingarms.ee\/fi\/product\/taktiikka-naisten-hanskat-mechanix-naisten-fastfit-covert\/","title":{"rendered":"Naisten taktiset k\u00e4sineet Mechanix Naisten FastFit Covert"},"content":{"rendered":"","protected":false},"excerpt":{"rendered":"<p>Naisten taktiset k\u00e4sineet Mechanix Naisten FastFit Covert.<br \/>\nN\u00e4iss\u00e4 naisten k\u00e4sineiss\u00e4 on joustava avoin ranneosa, jonka ansiosta hanskat voidaan pukea ja riisua eritt\u00e4in nopeasti.<br \/>\nStretch-sorminivelpaneelit tarjoavat mukavan, mukavan ja joustavan k\u00e4yt\u00f6n.<br \/>\nPid\u00e4 k\u00e4tesi viilein\u00e4 ja kuivina TrekDry\u00ae kosteutta siirt\u00e4v\u00e4ll\u00e4 materiaalilla ranteessa ja k\u00e4sineess\u00e4.<br \/>\nK\u00e4sineen sis\u00e4puoli on valmistettu kest\u00e4v\u00e4st\u00e4 synteettisest\u00e4 nahasta.<br \/>\nLenkki hansikkaiden ripustamiseen.<br \/>\nK\u00e4sineet ovat konepest\u00e4vi\u00e4.<br \/>\nK\u00e4sineet toimivat kosketusn\u00e4yt\u00f6n kanssa.<\/p>\n<p>P\u00e4\u00e4sovellukset:<br \/>\n&#8211; poliisi ja lainvalvontaviranomaiset<br \/>\n&#8211; taktiset teht\u00e4v\u00e4t<br \/>\n&#8211; ammuntaurheilu<br \/>\n&#8211; huoltoty\u00f6t, MRO<\/p>\n","protected":false},"featured_media":40129,"template":"","meta":{"_acf_changed":false},"product_brand":[],"product_cat":[262],"product_tag":[],"class_list":{"0":"post-40331","1":"product","2":"type-product","3":"status-publish","4":"has-post-thumbnail","6":"product_cat-kasineet","8":"first","9":"instock","10":"sale","11":"taxable","12":"shipping-taxable","13":"purchasable","14":"product-type-simple"},"acf":[],"_links":{"self":[{"href":"https:\/\/kingarms.ee\/fi\/wp-json\/wp\/v2\/product\/40331","targetHints":{"allow":["GET"]}}],"collection":[{"href":"https:\/\/kingarms.ee\/fi\/wp-json\/wp\/v2\/product"}],"about":[{"href":"https:\/\/kingarms.ee\/fi\/wp-json\/wp\/v2\/types\/product"}],"wp:featuredmedia":[{"embeddable":true,"href":"https:\/\/kingarms.ee\/fi\/wp-json\/wp\/v2\/media\/40129"}],"wp:attachment":[{"href":"https:\/\/kingarms.ee\/fi\/wp-json\/wp\/v2\/media?parent=40331"}],"wp:term":[{"taxonomy":"product_brand","embeddable":true,"href":"https:\/\/kingarms.ee\/fi\/wp-json\/wp\/v2\/product_brand?post=40331"},{"taxonomy":"product_cat","embeddable":true,"href":"https:\/\/kingarms.ee\/fi\/wp-json\/wp\/v2\/product_cat?post=40331"},{"taxonomy":"product_tag","embeddable":true,"href":"https:\/\/kingarms.ee\/fi\/wp-json\/wp\/v2\/product_tag?post=40331"}],"curies":[{"name":"wp","href":"https:\/\/api.w.org\/{rel}","templated":true}]}}