{"id":40419,"date":"2022-03-28T12:51:40","date_gmt":"2022-03-28T10:05:49","guid":{"rendered":"https:\/\/kingarms.ee\/product\/taktiset-kasineet-mechanix-ts-fastfit-0-5\/"},"modified":"2024-08-09T12:35:47","modified_gmt":"2024-08-09T09:35:47","slug":"tactical-gloves-mechanix-ts-fastfit-0-5","status":"publish","type":"product","link":"https:\/\/kingarms.ee\/fi\/product\/tactical-gloves-mechanix-ts-fastfit-0-5\/","title":{"rendered":"Taktiset k\u00e4sineet Mechanix TS FastFit 0.5"},"content":{"rendered":"","protected":false},"excerpt":{"rendered":"<p>Taktiset k\u00e4sineet Mechanix TS FastFit 0.5 Covert<br \/>\nTactical Specialty -sarjan FastFit\u00ae 0,5mm Covert k\u00e4sineiss\u00e4 on joustava avoin ranneosa, joka nopeuttaa k\u00e4sineiden pukemista ja riisumista. Liipaisinsormen muotoilua on parannettu perinteisiin FastFit-k\u00e4sineisiin verrattuna.<br \/>\nK\u00e4sineen k\u00e4mmenosassa oleva 0,5 mm AX-Suede \u2122 -materiaali varmistaa hyv\u00e4n pidon ja tuntuman.<br \/>\nStretch-sorminivelpaneelit tarjoavat mukavan, mukavan ja joustavan k\u00e4yt\u00f6n.<br \/>\nPid\u00e4 k\u00e4tesi viilein\u00e4 ja kuivina TrekDry\u00ae kosteutta siirt\u00e4v\u00e4ll\u00e4 materiaalilla ranteessa ja k\u00e4sineess\u00e4.<br \/>\nPeukalo ja osa ranteesta on peitetty pehme\u00e4ll\u00e4 fleecell\u00e4 hien pyyhkimiseksi tai suojalasien puhdistamiseksi.<br \/>\nLenkki hansikkaiden ripustamiseen.<br \/>\nK\u00e4sineet ovat konepest\u00e4vi\u00e4.<br \/>\nK\u00e4sineet toimivat kosketusn\u00e4yt\u00f6n kanssa.<\/p>\n<p>P\u00e4\u00e4sovellukset:<br \/>\n&#8211; poliisi ja lainvalvontaviranomaiset<br \/>\n&#8211; taktiset teht\u00e4v\u00e4t<br \/>\n&#8211; ammunta<br \/>\n&#8211; huoltoty\u00f6t, MRO<\/p>\n","protected":false},"featured_media":40153,"template":"","meta":{"_acf_changed":false},"product_brand":[],"product_cat":[262],"product_tag":[],"class_list":{"0":"post-40419","1":"product","2":"type-product","3":"status-publish","4":"has-post-thumbnail","6":"product_cat-kasineet","8":"first","9":"instock","10":"sale","11":"taxable","12":"shipping-taxable","13":"purchasable","14":"product-type-simple"},"acf":[],"_links":{"self":[{"href":"https:\/\/kingarms.ee\/fi\/wp-json\/wp\/v2\/product\/40419","targetHints":{"allow":["GET"]}}],"collection":[{"href":"https:\/\/kingarms.ee\/fi\/wp-json\/wp\/v2\/product"}],"about":[{"href":"https:\/\/kingarms.ee\/fi\/wp-json\/wp\/v2\/types\/product"}],"wp:featuredmedia":[{"embeddable":true,"href":"https:\/\/kingarms.ee\/fi\/wp-json\/wp\/v2\/media\/40153"}],"wp:attachment":[{"href":"https:\/\/kingarms.ee\/fi\/wp-json\/wp\/v2\/media?parent=40419"}],"wp:term":[{"taxonomy":"product_brand","embeddable":true,"href":"https:\/\/kingarms.ee\/fi\/wp-json\/wp\/v2\/product_brand?post=40419"},{"taxonomy":"product_cat","embeddable":true,"href":"https:\/\/kingarms.ee\/fi\/wp-json\/wp\/v2\/product_cat?post=40419"},{"taxonomy":"product_tag","embeddable":true,"href":"https:\/\/kingarms.ee\/fi\/wp-json\/wp\/v2\/product_tag?post=40419"}],"curies":[{"name":"wp","href":"https:\/\/api.w.org\/{rel}","templated":true}]}}