{"id":40601,"date":"2022-03-28T17:21:23","date_gmt":"2022-03-29T02:45:34","guid":{"rendered":"https:\/\/kingarms.ee\/product\/vibunool-mk-ca22-hiili\/"},"modified":"2024-08-09T12:32:55","modified_gmt":"2024-08-09T09:32:55","slug":"vibunol-mk-ca22-hiili","status":"publish","type":"product","link":"https:\/\/kingarms.ee\/fi\/product\/vibunol-mk-ca22-hiili\/","title":{"rendered":"Vibunool MK-CA22 hiili"},"content":{"rendered":"","protected":false},"excerpt":{"rendered":"<p>Arrow 22 &#8220;Carbon Cross Bow Bolt &#8211; Irrotettava k\u00e4rki Korkea kannattavuus aloittelijoille ja nuorille mets\u00e4st\u00e4jille, n\u00e4m\u00e4 jousinuolet tuovat sinulle nopeutta, kineettist\u00e4 energiaa ja tarkkuutta.<\/p>\n","protected":false},"featured_media":87613,"template":"","meta":{"_acf_changed":false},"product_brand":[],"product_cat":[257,797],"product_tag":[],"class_list":{"0":"post-40601","1":"product","2":"type-product","3":"status-publish","4":"has-post-thumbnail","6":"product_cat-keula-ja-pitkajousi","7":"product_cat-nuolet-akselit","9":"first","10":"instock","11":"taxable","12":"shipping-taxable","13":"purchasable","14":"product-type-simple"},"acf":[],"_links":{"self":[{"href":"https:\/\/kingarms.ee\/fi\/wp-json\/wp\/v2\/product\/40601","targetHints":{"allow":["GET"]}}],"collection":[{"href":"https:\/\/kingarms.ee\/fi\/wp-json\/wp\/v2\/product"}],"about":[{"href":"https:\/\/kingarms.ee\/fi\/wp-json\/wp\/v2\/types\/product"}],"wp:featuredmedia":[{"embeddable":true,"href":"https:\/\/kingarms.ee\/fi\/wp-json\/wp\/v2\/media\/87613"}],"wp:attachment":[{"href":"https:\/\/kingarms.ee\/fi\/wp-json\/wp\/v2\/media?parent=40601"}],"wp:term":[{"taxonomy":"product_brand","embeddable":true,"href":"https:\/\/kingarms.ee\/fi\/wp-json\/wp\/v2\/product_brand?post=40601"},{"taxonomy":"product_cat","embeddable":true,"href":"https:\/\/kingarms.ee\/fi\/wp-json\/wp\/v2\/product_cat?post=40601"},{"taxonomy":"product_tag","embeddable":true,"href":"https:\/\/kingarms.ee\/fi\/wp-json\/wp\/v2\/product_tag?post=40601"}],"curies":[{"name":"wp","href":"https:\/\/api.w.org\/{rel}","templated":true}]}}