{"id":40609,"date":"2022-03-28T15:36:09","date_gmt":"2022-03-29T02:45:35","guid":{"rendered":"https:\/\/kingarms.ee\/product\/crossbow-man-kung-cb75-vihrea-naamio\/"},"modified":"2024-08-09T12:34:22","modified_gmt":"2024-08-09T09:34:22","slug":"varsijousimies-kung-cb75-green-camo","status":"publish","type":"product","link":"https:\/\/kingarms.ee\/fi\/product\/varsijousimies-kung-cb75-green-camo\/","title":{"rendered":"Crossbow Man Kung CB75 vihre\u00e4 naamio"},"content":{"rendered":"","protected":false},"excerpt":{"rendered":"<p>Man kung jousiammunta ammattimainen s\u00e4\u00e4dett\u00e4v\u00e4 jousi, camo-v\u00e4ri, s\u00e4\u00e4dett\u00e4v\u00e4 hover 40 &#8211; 70 lbs, vetopituus s\u00e4\u00e4dett\u00e4viss\u00e4 25 &#8211; 31 tuumaa, akselin pituus teltasta akseliin: 31,5 &#8221;- 80 cm, 70%, nopeus 270 fps, paino 1995 gr, alumiininen nousuputki, lasikuitujalat.<\/p>\n<p>mukaan lukien:<br \/>\n1x Professional 3-nastainen kuituoptinen k\u00e4rki.<br \/>\n1x jousikuormitettu puomin tuki<br \/>\ndiopteri k\u00f6ydelle ja poistosilmukalle (jo asennettu)<br \/>\n2x alumiininen nuoli<br \/>\nk\u00f6ysinen sekuntikello<br \/>\nmekaaninen vapautus<br \/>\nparafiini<\/p>\n","protected":false},"featured_media":40534,"template":"","meta":{"_acf_changed":false},"product_brand":[],"product_cat":[803,257],"product_tag":[],"class_list":{"0":"post-40609","1":"product","2":"type-product","3":"status-publish","4":"has-post-thumbnail","6":"product_cat-jouset","7":"product_cat-keula-ja-pitkajousi","9":"first","10":"instock","11":"sale","12":"taxable","13":"shipping-taxable","14":"purchasable","15":"product-type-simple"},"acf":[],"_links":{"self":[{"href":"https:\/\/kingarms.ee\/fi\/wp-json\/wp\/v2\/product\/40609","targetHints":{"allow":["GET"]}}],"collection":[{"href":"https:\/\/kingarms.ee\/fi\/wp-json\/wp\/v2\/product"}],"about":[{"href":"https:\/\/kingarms.ee\/fi\/wp-json\/wp\/v2\/types\/product"}],"wp:featuredmedia":[{"embeddable":true,"href":"https:\/\/kingarms.ee\/fi\/wp-json\/wp\/v2\/media\/40534"}],"wp:attachment":[{"href":"https:\/\/kingarms.ee\/fi\/wp-json\/wp\/v2\/media?parent=40609"}],"wp:term":[{"taxonomy":"product_brand","embeddable":true,"href":"https:\/\/kingarms.ee\/fi\/wp-json\/wp\/v2\/product_brand?post=40609"},{"taxonomy":"product_cat","embeddable":true,"href":"https:\/\/kingarms.ee\/fi\/wp-json\/wp\/v2\/product_cat?post=40609"},{"taxonomy":"product_tag","embeddable":true,"href":"https:\/\/kingarms.ee\/fi\/wp-json\/wp\/v2\/product_tag?post=40609"}],"curies":[{"name":"wp","href":"https:\/\/api.w.org\/{rel}","templated":true}]}}