{"id":40612,"date":"2022-03-29T05:40:24","date_gmt":"2022-03-29T02:40:24","guid":{"rendered":"https:\/\/kingarms.ee\/product\/recurve-crossbow-man-kung-mk-120-pl\/"},"modified":"2024-08-09T12:32:10","modified_gmt":"2024-08-09T09:32:10","slug":"recurve-crossbow-man-kung-mk-120-pl-2","status":"publish","type":"product","link":"https:\/\/kingarms.ee\/fi\/product\/recurve-crossbow-man-kung-mk-120-pl-2\/","title":{"rendered":"Recurve Crossbow Man Kung MK-120 PL"},"content":{"rendered":"","protected":false},"excerpt":{"rendered":"<p>MK-120 rekyylijousiampuja eroaa merkitt\u00e4v\u00e4sti monista t\u00e4m\u00e4n tyyppisist\u00e4 jousiampujista siin\u00e4, ett\u00e4 se on kest\u00e4v\u00e4, kevyt ja yksinkertainen jousiammunta (teini-ik\u00e4inen tai nainen voi hallita). Lis\u00e4ksi t\u00e4m\u00e4 kiv\u00e4\u00e4ri on suunniteltu useilla parannuksilla, jotka parantavat merkitt\u00e4v\u00e4sti k\u00e4yt\u00f6n helppoutta ja ampumistarkkuutta. N\u00e4it\u00e4 ovat: sile\u00e4 liipaisin, automaattinen turva, vahva kahva ja takaluukumaton kahva, s\u00e4\u00e4dett\u00e4v\u00e4t t\u00e4ht\u00e4imet ja etut\u00e4ht\u00e4in, harkittu pito ja pitotarkkuus sek\u00e4 erinomainen tasapaino &#8211; pultti ei kaadu.<\/p>\n<p>Ominaisuudet:<\/p>\n<p>Malli: MK-120<br \/>\nValmistaja: Man Kung<br \/>\nKeulalaudan tyyppi: K\u00e4\u00e4nnett\u00e4v\u00e4<br \/>\nV\u00e4ri musta<br \/>\nPaino: 1,60 kg<br \/>\nNuolen pituus (cm): 35,56 cm<br \/>\nNuolen pituus (tuumaa): 14&#8243;<br \/>\nAlkunuolen nopeus (m\/s): 56,39 m\/s<br \/>\nAloitusnuolen nopeus (fps): 185 fps<br \/>\nKeulalaudan ty\u00f6viiva (cm): 29,21 cm<br \/>\nTy\u00f6skentely jousen isku (tuumaa): 11,5&#8243;<br \/>\nKireys (kgf): 43, 54,43 kgf<br \/>\nJ\u00e4nnitys (naulaa): 94, 120 paunaa<br \/>\nRungon pituus: 78,74 cm<br \/>\nK\u00e4sivarren pituus 66,04 cm<br \/>\nK\u00e4ytetyt ammukset: nuolet<br \/>\nTynnyri: alumiinia<br \/>\nOlkap\u00e4\u00e4t: lasikuitu: lasikuitu<br \/>\nVarasto: polypropeeni<\/p>\n<p>Lis\u00e4tarvikkeet:<\/p>\n<p>MK-120 R rekursiivinen jousiampuja &#8211; 1 kpl.<br \/>\nNuolet &#8211; 2 kpl.<br \/>\nS\u00e4\u00e4dett\u00e4v\u00e4t rautat\u00e4ht\u00e4imet &#8211; 1 kpl.<br \/>\nKiv\u00e4\u00e4ri &#8211; 1 kpl.<br \/>\nAsennusavain &#8211; 1 kpl.<\/p>\n","protected":false},"featured_media":40575,"template":"","meta":{"_acf_changed":false},"product_brand":[],"product_cat":[257,791],"product_tag":[],"class_list":{"0":"post-40612","1":"product","2":"type-product","3":"status-publish","4":"has-post-thumbnail","6":"product_cat-keula-ja-pitkajousi","7":"product_cat-varsijouset","9":"first","10":"instock","11":"taxable","12":"shipping-taxable","13":"purchasable","14":"product-type-simple"},"acf":[],"_links":{"self":[{"href":"https:\/\/kingarms.ee\/fi\/wp-json\/wp\/v2\/product\/40612","targetHints":{"allow":["GET"]}}],"collection":[{"href":"https:\/\/kingarms.ee\/fi\/wp-json\/wp\/v2\/product"}],"about":[{"href":"https:\/\/kingarms.ee\/fi\/wp-json\/wp\/v2\/types\/product"}],"wp:featuredmedia":[{"embeddable":true,"href":"https:\/\/kingarms.ee\/fi\/wp-json\/wp\/v2\/media\/40575"}],"wp:attachment":[{"href":"https:\/\/kingarms.ee\/fi\/wp-json\/wp\/v2\/media?parent=40612"}],"wp:term":[{"taxonomy":"product_brand","embeddable":true,"href":"https:\/\/kingarms.ee\/fi\/wp-json\/wp\/v2\/product_brand?post=40612"},{"taxonomy":"product_cat","embeddable":true,"href":"https:\/\/kingarms.ee\/fi\/wp-json\/wp\/v2\/product_cat?post=40612"},{"taxonomy":"product_tag","embeddable":true,"href":"https:\/\/kingarms.ee\/fi\/wp-json\/wp\/v2\/product_tag?post=40612"}],"curies":[{"name":"wp","href":"https:\/\/api.w.org\/{rel}","templated":true}]}}