{"id":40652,"date":"2022-04-02T16:13:33","date_gmt":"2022-04-02T13:15:56","guid":{"rendered":"https:\/\/kingarms.ee\/product\/taktinen-liivi-beez-royal\/"},"modified":"2024-08-09T12:31:25","modified_gmt":"2024-08-09T09:31:25","slug":"taktinen-liivi-beez-royal","status":"publish","type":"product","link":"https:\/\/kingarms.ee\/fi\/product\/taktinen-liivi-beez-royal\/","title":{"rendered":"Taktinen liivi &#8211; Beez (ROYAL)"},"content":{"rendered":"<p><img loading=\"lazy\" decoding=\"async\" class=\"alignnone size-medium wp-image-40637\" src=\"https:\/\/kingarms.ee\/wp-content\/uploads\/2022\/04\/royal-tactical-vest-tan-v1026t-300x300.jpeg\" alt=\"\" width=\"300\" height=\"300\" srcset=\"https:\/\/kingarms.ee\/wp-content\/uploads\/2022\/04\/royal-tactical-vest-tan-v1026t-300x300.jpeg 300w, https:\/\/kingarms.ee\/wp-content\/uploads\/2022\/04\/royal-tactical-vest-tan-v1026t-150x150.jpeg 150w, https:\/\/kingarms.ee\/wp-content\/uploads\/2022\/04\/royal-tactical-vest-tan-v1026t-768x768.jpeg 768w, https:\/\/kingarms.ee\/wp-content\/uploads\/2022\/04\/royal-tactical-vest-tan-v1026t-500x500.jpeg 500w, https:\/\/kingarms.ee\/wp-content\/uploads\/2022\/04\/royal-tactical-vest-tan-v1026t.jpeg 1000w\" sizes=\"auto, (max-width: 300px) 100vw, 300px\" \/><\/p>\n","protected":false},"excerpt":{"rendered":"<p>Taktinen liivi<br \/>\nMateriaali CORDURA<br \/>\nSis\u00e4pehmuste<br \/>\nMolle-j\u00e4rjestelm\u00e4 l\u00e4pi koko liivin<br \/>\n1x vetoketjullinen laukku ja pohjalliset j\u00e4rjestelm\u00e4ll\u00e4 (mitat 200mm x 160mm)<br \/>\nKolminkertainen suljettava tasku 1x tarranauhalla, kokonaismitat 245mm x 250mm<br \/>\n1x kaksinkertainen lipas tarrakiinnitys Joustava pussi, KOKOMITAT 165mm x 250mm<br \/>\nPistoolitasku, jossa 2x tarrakiinnitys, (mitat 50 mm x 14 mm)<br \/>\n1x tarranauhalla suljettava hallintalaukku k\u00e4siasetelineen taskulle ja silmukkapaikalle, (mitat 175 mm x 150 mm)<br \/>\n1x radiotasku klipsill\u00e4 (mitat 80mm x 190mm)<br \/>\nS\u00e4\u00e4dett\u00e4v\u00e4t olkaimet<br \/>\nS\u00e4\u00e4dett\u00e4v\u00e4 leveys<br \/>\nYksi koko<br \/>\nV\u00e4ri beige<\/p>\n","protected":false},"featured_media":40637,"template":"","meta":{"_acf_changed":false},"product_brand":[],"product_cat":[265],"product_tag":[],"class_list":{"0":"post-40652","1":"product","2":"type-product","3":"status-publish","4":"has-post-thumbnail","6":"product_cat-takit-ja-valjaat","8":"first","9":"instock","10":"taxable","11":"shipping-taxable","12":"purchasable","13":"product-type-simple"},"acf":[],"_links":{"self":[{"href":"https:\/\/kingarms.ee\/fi\/wp-json\/wp\/v2\/product\/40652","targetHints":{"allow":["GET"]}}],"collection":[{"href":"https:\/\/kingarms.ee\/fi\/wp-json\/wp\/v2\/product"}],"about":[{"href":"https:\/\/kingarms.ee\/fi\/wp-json\/wp\/v2\/types\/product"}],"wp:featuredmedia":[{"embeddable":true,"href":"https:\/\/kingarms.ee\/fi\/wp-json\/wp\/v2\/media\/40637"}],"wp:attachment":[{"href":"https:\/\/kingarms.ee\/fi\/wp-json\/wp\/v2\/media?parent=40652"}],"wp:term":[{"taxonomy":"product_brand","embeddable":true,"href":"https:\/\/kingarms.ee\/fi\/wp-json\/wp\/v2\/product_brand?post=40652"},{"taxonomy":"product_cat","embeddable":true,"href":"https:\/\/kingarms.ee\/fi\/wp-json\/wp\/v2\/product_cat?post=40652"},{"taxonomy":"product_tag","embeddable":true,"href":"https:\/\/kingarms.ee\/fi\/wp-json\/wp\/v2\/product_tag?post=40652"}],"curies":[{"name":"wp","href":"https:\/\/api.w.org\/{rel}","templated":true}]}}