{"id":41984,"date":"2022-04-11T15:48:22","date_gmt":"2022-04-11T12:58:47","guid":{"rendered":"https:\/\/kingarms.ee\/product\/gorka-suit-ranger-green\/"},"modified":"2024-08-09T12:04:59","modified_gmt":"2024-08-09T09:04:59","slug":"gorka-puku-partizan","status":"publish","type":"product","link":"https:\/\/kingarms.ee\/fi\/product\/gorka-puku-partizan\/","title":{"rendered":"Gorka Suit Ranger Green"},"content":{"rendered":"","protected":false},"excerpt":{"rendered":"<p>1 X INVADER GEAR TACTICAL T\u00c4YSIN UNIFORM GORKA MALLI.<\/p>\n<p>T\u00e4m\u00e4 armeijoiden k\u00e4ytt\u00e4m\u00e4 naamiointi on valmistettu puuvillasta, eritt\u00e4in mukava ja monipuolinen. Siin\u00e4 on useita taskuja, mukaan lukien 2 rinnassa ja 2 housujen silmukoissa ty\u00f6h\u00f6n menemist\u00e4 varten univormun alla (k\u00e4ytet\u00e4\u00e4n my\u00f6s ja ennen kaikkea p\u00e4\u00e4llystakkina) .<br \/>\nVarustettu kuminauhalla vatsassa ja vy\u00f6t\u00e4r\u00f6ll\u00e4, se on eritt\u00e4in mukautuva.<\/p>\n<p>L\u00e4hetyksen paino: 1,4 kg<\/p>\n","protected":false},"featured_media":42124,"template":"","meta":{"_acf_changed":false},"product_brand":[],"product_cat":[879],"product_tag":[],"class_list":{"0":"post-41984","1":"product","2":"type-product","3":"status-publish","4":"has-post-thumbnail","6":"product_cat-sarjat","8":"first","9":"instock","10":"taxable","11":"shipping-taxable","12":"purchasable","13":"product-type-variable","14":"has-default-attributes"},"acf":[],"_links":{"self":[{"href":"https:\/\/kingarms.ee\/fi\/wp-json\/wp\/v2\/product\/41984","targetHints":{"allow":["GET"]}}],"collection":[{"href":"https:\/\/kingarms.ee\/fi\/wp-json\/wp\/v2\/product"}],"about":[{"href":"https:\/\/kingarms.ee\/fi\/wp-json\/wp\/v2\/types\/product"}],"wp:featuredmedia":[{"embeddable":true,"href":"https:\/\/kingarms.ee\/fi\/wp-json\/wp\/v2\/media\/42124"}],"wp:attachment":[{"href":"https:\/\/kingarms.ee\/fi\/wp-json\/wp\/v2\/media?parent=41984"}],"wp:term":[{"taxonomy":"product_brand","embeddable":true,"href":"https:\/\/kingarms.ee\/fi\/wp-json\/wp\/v2\/product_brand?post=41984"},{"taxonomy":"product_cat","embeddable":true,"href":"https:\/\/kingarms.ee\/fi\/wp-json\/wp\/v2\/product_cat?post=41984"},{"taxonomy":"product_tag","embeddable":true,"href":"https:\/\/kingarms.ee\/fi\/wp-json\/wp\/v2\/product_tag?post=41984"}],"curies":[{"name":"wp","href":"https:\/\/api.w.org\/{rel}","templated":true}]}}