{"id":42307,"date":"2022-04-16T16:05:42","date_gmt":"2022-04-16T13:07:59","guid":{"rendered":"https:\/\/kingarms.ee\/product\/fns-9-cybergun\/"},"modified":"2024-08-09T12:00:32","modified_gmt":"2024-08-09T09:00:32","slug":"fns-9-cybergun-2","status":"publish","type":"product","link":"https:\/\/kingarms.ee\/fi\/product\/fns-9-cybergun-2\/","title":{"rendered":"FNS-9 (Cybergun)"},"content":{"rendered":"<p><img loading=\"lazy\" decoding=\"async\" class=\"alignnone size-medium wp-image-42295\" src=\"https:\/\/kingarms.ee\/wp-content\/uploads\/2022\/04\/eng_pl_FN-FNS-9-BAX-Pistol-Replica-1152217315_1-300x200.jpeg\" alt=\"\" width=\"300\" height=\"200\" srcset=\"https:\/\/kingarms.ee\/wp-content\/uploads\/2022\/04\/eng_pl_FN-FNS-9-BAX-Pistol-Replica-1152217315_1-300x200.jpeg 300w, https:\/\/kingarms.ee\/wp-content\/uploads\/2022\/04\/eng_pl_FN-FNS-9-BAX-Pistol-Replica-1152217315_1-768x512.jpeg 768w, https:\/\/kingarms.ee\/wp-content\/uploads\/2022\/04\/eng_pl_FN-FNS-9-BAX-Pistol-Replica-1152217315_1-500x333.jpeg 500w, https:\/\/kingarms.ee\/wp-content\/uploads\/2022\/04\/eng_pl_FN-FNS-9-BAX-Pistol-Replica-1152217315_1-150x100.jpeg 150w, https:\/\/kingarms.ee\/wp-content\/uploads\/2022\/04\/eng_pl_FN-FNS-9-BAX-Pistol-Replica-1152217315_1.jpeg 800w\" sizes=\"auto, (max-width: 300px) 100vw, 300px\" \/><\/p>\n","protected":false},"excerpt":{"rendered":"<p>FNS-9 (Cybergun)<\/p>\n<p>CyberGun-pistoolin FNS-9-kopio on loistava ratkaisu pelaajille, jotka etsiv\u00e4t mielenkiintoista, standardista poikkeavaa kopiota, jossa on t\u00e4ydet lisensoidut merkinn\u00e4t reaaliaikaisessa ampuma-aseen alkuper\u00e4isess\u00e4 ja joka on t\u00e4ysin ja todella samanlainen kuin alkuper\u00e4inen. Se on kaasuk\u00e4ytt\u00f6inen kopio (Green Gas), jolle on ominaista sen ainutlaatuisen korkea realistisuus ja tarkka viimeistely.<\/p>\n<p>Hop up: s\u00e4\u00e4dett\u00e4v\u00e4<br \/>\nPaino: 700 g<br \/>\nLokeron tyyppi: vihre\u00e4 kaasu<br \/>\nKuvausnopeus: 300 fps<br \/>\nBlowback: Kyll\u00e4<br \/>\nLokeron kapasiteetti: 22 BB<br \/>\nMateriaali: metalli \/ ABS<br \/>\nV\u00e4ri musta<br \/>\nPituus: 190 mm<br \/>\nPalotila: yksitt\u00e4inen<\/p>\n<p>Setti sis\u00e4lt\u00e4\u00e4:<br \/>\n* Ase<br \/>\n* Tarjotin luoteilla<\/p>\n","protected":false},"featured_media":42295,"template":"","meta":{"_acf_changed":false},"product_brand":[],"product_cat":[252],"product_tag":[],"class_list":{"0":"post-42307","1":"product","2":"type-product","3":"status-publish","4":"has-post-thumbnail","6":"product_cat-kaasutoimiset-aseet","8":"first","9":"instock","10":"taxable","11":"shipping-taxable","12":"purchasable","13":"product-type-simple"},"acf":[],"_links":{"self":[{"href":"https:\/\/kingarms.ee\/fi\/wp-json\/wp\/v2\/product\/42307","targetHints":{"allow":["GET"]}}],"collection":[{"href":"https:\/\/kingarms.ee\/fi\/wp-json\/wp\/v2\/product"}],"about":[{"href":"https:\/\/kingarms.ee\/fi\/wp-json\/wp\/v2\/types\/product"}],"wp:featuredmedia":[{"embeddable":true,"href":"https:\/\/kingarms.ee\/fi\/wp-json\/wp\/v2\/media\/42295"}],"wp:attachment":[{"href":"https:\/\/kingarms.ee\/fi\/wp-json\/wp\/v2\/media?parent=42307"}],"wp:term":[{"taxonomy":"product_brand","embeddable":true,"href":"https:\/\/kingarms.ee\/fi\/wp-json\/wp\/v2\/product_brand?post=42307"},{"taxonomy":"product_cat","embeddable":true,"href":"https:\/\/kingarms.ee\/fi\/wp-json\/wp\/v2\/product_cat?post=42307"},{"taxonomy":"product_tag","embeddable":true,"href":"https:\/\/kingarms.ee\/fi\/wp-json\/wp\/v2\/product_tag?post=42307"}],"curies":[{"name":"wp","href":"https:\/\/api.w.org\/{rel}","templated":true}]}}