{"id":42376,"date":"2022-04-16T17:29:10","date_gmt":"2022-04-16T14:31:24","guid":{"rendered":"https:\/\/kingarms.ee\/product\/latausasema-x6-baofeng\/"},"modified":"2024-08-09T11:58:10","modified_gmt":"2024-08-09T08:58:10","slug":"latausasema-x6-baofeng","status":"publish","type":"product","link":"https:\/\/kingarms.ee\/fi\/product\/latausasema-x6-baofeng\/","title":{"rendered":"Latausasema (x6) Baofeng"},"content":{"rendered":"<p><img loading=\"lazy\" decoding=\"async\" class=\"alignnone size-medium wp-image-42365\" src=\"https:\/\/kingarms.ee\/wp-content\/uploads\/2022\/04\/715-100-SIX5R-A_06_1024x-300x300.jpeg\" alt=\"\" width=\"300\" height=\"300\" srcset=\"https:\/\/kingarms.ee\/wp-content\/uploads\/2022\/04\/715-100-SIX5R-A_06_1024x-300x300.jpeg 300w, https:\/\/kingarms.ee\/wp-content\/uploads\/2022\/04\/715-100-SIX5R-A_06_1024x.jpeg 1024w, https:\/\/kingarms.ee\/wp-content\/uploads\/2022\/04\/715-100-SIX5R-A_06_1024x-150x150.jpeg 150w, https:\/\/kingarms.ee\/wp-content\/uploads\/2022\/04\/715-100-SIX5R-A_06_1024x-768x768.jpeg 768w, https:\/\/kingarms.ee\/wp-content\/uploads\/2022\/04\/715-100-SIX5R-A_06_1024x-500x500.jpeg 500w\" sizes=\"auto, (max-width: 300px) 100vw, 300px\" \/><\/p>\n","protected":false},"excerpt":{"rendered":"<p>BAOFENG kuusisuuntainen laturi UV-5R-sarjalle<br \/>\nOletko kyll\u00e4stynyt sotkeutuneisiin latureihin ja johtoihin? T\u00e4m\u00e4 UUSI usean laitteen laturi s\u00e4\u00e4st\u00e4\u00e4 enemm\u00e4n tilaa ja aikaa. T\u00e4ll\u00e4 mukavalla puhtaalla kuusi yhdess\u00e4 laturilla voit ladata 6 radiota tai vain 6 akkua kerralla.<\/p>\n<p>Yhteensopivat mallit<br \/>\nUV-5R \/ UV-5R + Plus \/ UV-5R 8W<br \/>\nUV-5RA \/ UV-5RE \/ UV-5X (UV-5G)<br \/>\nUV-5RHP \/ UV-5RTP<br \/>\nUV-5X3 \/ UV-5RX3<br \/>\nBF-F8HP<\/p>\n","protected":false},"featured_media":42365,"template":"","meta":{"_acf_changed":false},"product_brand":[],"product_cat":[665],"product_tag":[],"class_list":{"0":"post-42376","1":"product","2":"type-product","3":"status-publish","4":"has-post-thumbnail","6":"product_cat-tarvikkeet","8":"first","9":"instock","10":"taxable","11":"shipping-taxable","12":"purchasable","13":"product-type-simple"},"acf":[],"_links":{"self":[{"href":"https:\/\/kingarms.ee\/fi\/wp-json\/wp\/v2\/product\/42376","targetHints":{"allow":["GET"]}}],"collection":[{"href":"https:\/\/kingarms.ee\/fi\/wp-json\/wp\/v2\/product"}],"about":[{"href":"https:\/\/kingarms.ee\/fi\/wp-json\/wp\/v2\/types\/product"}],"wp:featuredmedia":[{"embeddable":true,"href":"https:\/\/kingarms.ee\/fi\/wp-json\/wp\/v2\/media\/42365"}],"wp:attachment":[{"href":"https:\/\/kingarms.ee\/fi\/wp-json\/wp\/v2\/media?parent=42376"}],"wp:term":[{"taxonomy":"product_brand","embeddable":true,"href":"https:\/\/kingarms.ee\/fi\/wp-json\/wp\/v2\/product_brand?post=42376"},{"taxonomy":"product_cat","embeddable":true,"href":"https:\/\/kingarms.ee\/fi\/wp-json\/wp\/v2\/product_cat?post=42376"},{"taxonomy":"product_tag","embeddable":true,"href":"https:\/\/kingarms.ee\/fi\/wp-json\/wp\/v2\/product_tag?post=42376"}],"curies":[{"name":"wp","href":"https:\/\/api.w.org\/{rel}","templated":true}]}}