{"id":42384,"date":"2022-04-16T17:42:26","date_gmt":"2022-04-16T14:45:14","guid":{"rendered":"https:\/\/kingarms.ee\/product\/metallinen-kaantyva-pyora-45-mm\/"},"modified":"2024-08-09T11:57:25","modified_gmt":"2024-08-09T08:57:25","slug":"metalli-huokoinen-pyora-45-mm","status":"publish","type":"product","link":"https:\/\/kingarms.ee\/fi\/product\/metalli-huokoinen-pyora-45-mm\/","title":{"rendered":"Metallinen k\u00e4\u00e4ntyv\u00e4 py\u00f6r\u00e4 4,5 mm"},"content":{"rendered":"<p><img loading=\"lazy\" decoding=\"async\" class=\"alignnone size-medium wp-image-42379\" src=\"https:\/\/kingarms.ee\/wp-content\/uploads\/2022\/04\/3844-300x278.png\" alt=\"\" width=\"300\" height=\"278\" srcset=\"https:\/\/kingarms.ee\/wp-content\/uploads\/2022\/04\/3844-300x278.png 300w, https:\/\/kingarms.ee\/wp-content\/uploads\/2022\/04\/3844-1024x950.png 1024w, https:\/\/kingarms.ee\/wp-content\/uploads\/2022\/04\/3844-768x712.png 768w, https:\/\/kingarms.ee\/wp-content\/uploads\/2022\/04\/3844-1536x1425.png 1536w, https:\/\/kingarms.ee\/wp-content\/uploads\/2022\/04\/3844-500x464.png 500w, https:\/\/kingarms.ee\/wp-content\/uploads\/2022\/04\/3844-150x139.png 150w, https:\/\/kingarms.ee\/wp-content\/uploads\/2022\/04\/3844.png 1600w\" sizes=\"auto, (max-width: 300px) 100vw, 300px\" \/><\/p>\n","protected":false},"excerpt":{"rendered":"<p>Metallinen k\u00e4\u00e4ntyv\u00e4 py\u00f6r\u00e4 ilma-aseille.<\/p>\n<p>&#8211; 48 x 44 x 66 cm<\/p>\n","protected":false},"featured_media":87989,"template":"","meta":{"_acf_changed":false},"product_brand":[],"product_cat":[310],"product_tag":[],"class_list":{"0":"post-42384","1":"product","2":"type-product","3":"status-publish","4":"has-post-thumbnail","6":"product_cat-tavoitteet","8":"first","9":"instock","10":"taxable","11":"shipping-taxable","12":"purchasable","13":"product-type-simple"},"acf":[],"_links":{"self":[{"href":"https:\/\/kingarms.ee\/fi\/wp-json\/wp\/v2\/product\/42384","targetHints":{"allow":["GET"]}}],"collection":[{"href":"https:\/\/kingarms.ee\/fi\/wp-json\/wp\/v2\/product"}],"about":[{"href":"https:\/\/kingarms.ee\/fi\/wp-json\/wp\/v2\/types\/product"}],"wp:featuredmedia":[{"embeddable":true,"href":"https:\/\/kingarms.ee\/fi\/wp-json\/wp\/v2\/media\/87989"}],"wp:attachment":[{"href":"https:\/\/kingarms.ee\/fi\/wp-json\/wp\/v2\/media?parent=42384"}],"wp:term":[{"taxonomy":"product_brand","embeddable":true,"href":"https:\/\/kingarms.ee\/fi\/wp-json\/wp\/v2\/product_brand?post=42384"},{"taxonomy":"product_cat","embeddable":true,"href":"https:\/\/kingarms.ee\/fi\/wp-json\/wp\/v2\/product_cat?post=42384"},{"taxonomy":"product_tag","embeddable":true,"href":"https:\/\/kingarms.ee\/fi\/wp-json\/wp\/v2\/product_tag?post=42384"}],"curies":[{"name":"wp","href":"https:\/\/api.w.org\/{rel}","templated":true}]}}