{"id":43271,"date":"2022-04-18T12:19:51","date_gmt":"2022-04-18T10:11:07","guid":{"rendered":"https:\/\/kingarms.ee\/product\/glock-perfection-cap\/"},"modified":"2024-08-09T11:46:44","modified_gmt":"2024-08-09T08:46:44","slug":"glock-perfection-korkki","status":"publish","type":"product","link":"https:\/\/kingarms.ee\/fi\/product\/glock-perfection-korkki\/","title":{"rendered":"Glock Perfection Cap"},"content":{"rendered":"","protected":false},"excerpt":{"rendered":"<p>T\u00e4m\u00e4 hattu voi ime\u00e4 kosteutta ja hikipoistotoiminto pit\u00e4\u00e4 p\u00e4\u00e4n kuivana ja viile\u00e4n\u00e4. S\u00e4\u00e4dett\u00e4v\u00e4ss\u00e4 hihnassa on tarpeeksi pituutta, jota voidaan s\u00e4\u00e4t\u00e4\u00e4 laajasti. T\u00e4m\u00e4 hattu voi my\u00f6s kuivua eritt\u00e4in nopeasti pesun j\u00e4lkeen. Sopii miehille, naisille, pojille ja tyt\u00f6ille, voit k\u00e4ytt\u00e4\u00e4 sit\u00e4 urheilussa, lomalla, rantalomalla, ulkoiluun.<\/p>\n","protected":false},"featured_media":43490,"template":"","meta":{"_acf_changed":false},"product_brand":[],"product_cat":[296],"product_tag":[],"class_list":{"0":"post-43271","1":"product","2":"type-product","3":"status-publish","4":"has-post-thumbnail","6":"product_cat-balaclava-hatut","8":"first","9":"onbackorder","10":"product-type-simple"},"acf":[],"_links":{"self":[{"href":"https:\/\/kingarms.ee\/fi\/wp-json\/wp\/v2\/product\/43271","targetHints":{"allow":["GET"]}}],"collection":[{"href":"https:\/\/kingarms.ee\/fi\/wp-json\/wp\/v2\/product"}],"about":[{"href":"https:\/\/kingarms.ee\/fi\/wp-json\/wp\/v2\/types\/product"}],"wp:featuredmedia":[{"embeddable":true,"href":"https:\/\/kingarms.ee\/fi\/wp-json\/wp\/v2\/media\/43490"}],"wp:attachment":[{"href":"https:\/\/kingarms.ee\/fi\/wp-json\/wp\/v2\/media?parent=43271"}],"wp:term":[{"taxonomy":"product_brand","embeddable":true,"href":"https:\/\/kingarms.ee\/fi\/wp-json\/wp\/v2\/product_brand?post=43271"},{"taxonomy":"product_cat","embeddable":true,"href":"https:\/\/kingarms.ee\/fi\/wp-json\/wp\/v2\/product_cat?post=43271"},{"taxonomy":"product_tag","embeddable":true,"href":"https:\/\/kingarms.ee\/fi\/wp-json\/wp\/v2\/product_tag?post=43271"}],"curies":[{"name":"wp","href":"https:\/\/api.w.org\/{rel}","templated":true}]}}