{"id":43301,"date":"2022-04-18T12:19:58","date_gmt":"2022-04-18T10:11:15","guid":{"rendered":"https:\/\/kingarms.ee\/product\/he403b-gr-elite-green-dot-tahtain\/"},"modified":"2024-08-09T11:43:50","modified_gmt":"2024-08-09T08:43:50","slug":"he403b-gr-elite-green-dot-sight","status":"publish","type":"product","link":"https:\/\/kingarms.ee\/fi\/product\/he403b-gr-elite-green-dot-sight\/","title":{"rendered":"HE403B-GR Elite Micro Green Dot (Holosun)"},"content":{"rendered":"","protected":false},"excerpt":{"rendered":"<p>HS403B on Paralow-sarjan punapistet\u00e4ht\u00e4in.<br \/>\nKirjain &#8216;B&#8217; tarkoittaa, ett\u00e4 paristolokero on laitteen oikealla puolella paristokotelon muodossa. Se ei my\u00f6sk\u00e4\u00e4n toimi aurinkovoimalla (ei aurinkopaneelia p\u00e4\u00e4ll\u00e4), mink\u00e4 vuoksi t\u00e4ss\u00e4 mallissa on painikkeet valaistuksen voimakkuuden s\u00e4\u00e4t\u00e4miseksi yl\u00e4osassa eik\u00e4 sivulla.<br \/>\nSe on loistava valinta tavallisten mets\u00e4styskiv\u00e4\u00e4rien ja AR-kiv\u00e4\u00e4rien lis\u00e4ksi my\u00f6s haulikoihin, pistooleihin, ilmakiv\u00e4\u00e4reihin ja varsijousiin.<br \/>\nTuotteessa on ShakeAwake-toiminto. Kun laite j\u00e4tet\u00e4\u00e4n p\u00e4\u00e4lle, se siirtyy &#8220;aktiivisesta tilasta&#8221; &#8220;lepotilaan&#8221; jonkin ajan kuluttua akun tarpeettoman tyhjentymisen est\u00e4miseksi. Kun se on siirretty, se k\u00e4ynnistyy v\u00e4litt\u00f6m\u00e4sti.<br \/>\nHolosunin LED-tekniikan ansiosta t\u00e4m\u00e4n pienen, kompaktin punapistet\u00e4ht\u00e4imen akku kest\u00e4\u00e4 jopa 50 000 tuntia.<br \/>\nP\u00e4\u00e4piirteet:<br \/>\n2 MOA pistett\u00e4<br \/>\nmukana tulee matala ja korkea kiinnitys alemmalle kolmannelle todistajaksi tavallisilla AR-alustoilla<br \/>\nShake Awake<br \/>\nsama asennusalusta kuin Aimpoint Micro -laitteissa<br \/>\n12 valaistusvoimakkuustasoa, joista 2 on NVD-yhteensopivia<br \/>\nIlmainen parallaksi<br \/>\n50 000 tunnin akunkesto<br \/>\nparistolokero laitteen oikealla puolella paristokotelon muodossa<\/p>\n","protected":false},"featured_media":43389,"template":"","meta":{"_acf_changed":false},"product_brand":[],"product_cat":[248,660],"product_tag":[],"class_list":{"0":"post-43301","1":"product","2":"type-product","3":"status-publish","4":"has-post-thumbnail","6":"product_cat-kohteet","7":"product_cat-punapistetahtaimet","9":"first","10":"onbackorder","11":"product-type-simple"},"acf":[],"_links":{"self":[{"href":"https:\/\/kingarms.ee\/fi\/wp-json\/wp\/v2\/product\/43301","targetHints":{"allow":["GET"]}}],"collection":[{"href":"https:\/\/kingarms.ee\/fi\/wp-json\/wp\/v2\/product"}],"about":[{"href":"https:\/\/kingarms.ee\/fi\/wp-json\/wp\/v2\/types\/product"}],"wp:featuredmedia":[{"embeddable":true,"href":"https:\/\/kingarms.ee\/fi\/wp-json\/wp\/v2\/media\/43389"}],"wp:attachment":[{"href":"https:\/\/kingarms.ee\/fi\/wp-json\/wp\/v2\/media?parent=43301"}],"wp:term":[{"taxonomy":"product_brand","embeddable":true,"href":"https:\/\/kingarms.ee\/fi\/wp-json\/wp\/v2\/product_brand?post=43301"},{"taxonomy":"product_cat","embeddable":true,"href":"https:\/\/kingarms.ee\/fi\/wp-json\/wp\/v2\/product_cat?post=43301"},{"taxonomy":"product_tag","embeddable":true,"href":"https:\/\/kingarms.ee\/fi\/wp-json\/wp\/v2\/product_tag?post=43301"}],"curies":[{"name":"wp","href":"https:\/\/api.w.org\/{rel}","templated":true}]}}