{"id":43338,"date":"2022-04-18T12:19:51","date_gmt":"2022-04-18T10:35:45","guid":{"rendered":"https:\/\/kingarms.ee\/product\/hs510c-solar-red-circle-dot-sight-combo-ja-hm3x\/"},"modified":"2024-08-09T11:54:38","modified_gmt":"2024-08-09T08:54:38","slug":"hs510c-aurinko-punainen-ympyra-piste-tahtain-yhdistelma-hm3x","status":"publish","type":"product","link":"https:\/\/kingarms.ee\/fi\/product\/hs510c-aurinko-punainen-ympyra-piste-tahtain-yhdistelma-hm3x\/","title":{"rendered":"HS510C Solar Red Circle Dot Sight Combo ja HM3X [Holosun]"},"content":{"rendered":"","protected":false},"excerpt":{"rendered":"<p>T\u00e4m\u00e4 arvokas Holosun-yhdistelm\u00e4sarja sis\u00e4lt\u00e4\u00e4 Holosun HS510C Multiple Recticle Red Dot Sight -t\u00e4ht\u00e4imen, Holosun HM3X -suurennuslasin ja hy\u00f6dyllisen suojakotelon. Holosun HS510C Multiple Reticle Red Dot Sight: Holosun HS510C Multiple Reticle Red Dot Sight -t\u00e4ht\u00e4imess\u00e4 on virtaviivainen kotelorakenne ja avoin kehys, joka mahdollistaa laajan n\u00e4k\u00f6kuvan ja minimoi n\u00e4\u00f6n esteen. N\u00e4ill\u00e4 Holosunin Red Dot Sights -t\u00e4ht\u00e4imill\u00e4 on uskomaton akunkesto, jopa 5 vuotta edistyneen LED-tekniikan ansiosta. Ne saavat virtansa Advanced Super Solar -teknologiasta akkuvarmistuksella. Suojaavalla titaaniseoksella varustettu hupulla varustettu Holosun HS510C Circle Dot Scope, jossa on 3 ristikkovaihtoehtoa, on vedenpit\u00e4v\u00e4 1 metriin asti ja tarpeeksi kest\u00e4v\u00e4 painavimmillekin kaliipereille. Kun jokainen laukaus on t\u00e4rke\u00e4, paranna tarkkuuttasi ja hanki kohteita nopeasti Holosun HS510C Parallax Free Red Dot\/Circle Sight -t\u00e4ht\u00e4imell\u00e4. Holosun HM3X suurennuslasi: Vuoden 2019 uutuus Holosun esittelee ylpe\u00e4n\u00e4 markkinoiden parhaan suurennuslasin arvon. HM3X-suurennuslasisarjan avulla k\u00e4ytt\u00e4j\u00e4 voi siirty\u00e4 saumattomasti suurentamattomasta 3-kertaiseen suurennokseen. Uudessa Holosun HM3X:ss\u00e4 on s\u00e4\u00e4dett\u00e4v\u00e4 diopteri, jolla voit valita haluamasi tarkennuksen, eritt\u00e4in kirkas lasi ja eritt\u00e4in antelias silmien helpotus. Kiinnitysvaihtoehtoihin kuuluu integroitu QD-kiinnike valinnaisella v\u00e4likappaleella Absolute Co-witnessille ja Lower \u00c3 Co-witnessille. Holosun\u00c3s HM3X toimitetaan kest\u00e4v\u00e4ss\u00e4 alumiinikotelossa.<\/p>\n","protected":false},"featured_media":43433,"template":"","meta":{"_acf_changed":false},"product_brand":[],"product_cat":[660],"product_tag":[],"class_list":{"0":"post-43338","1":"product","2":"type-product","3":"status-publish","4":"has-post-thumbnail","6":"product_cat-punapistetahtaimet","8":"first","9":"onbackorder","10":"product-type-simple"},"acf":[],"_links":{"self":[{"href":"https:\/\/kingarms.ee\/fi\/wp-json\/wp\/v2\/product\/43338","targetHints":{"allow":["GET"]}}],"collection":[{"href":"https:\/\/kingarms.ee\/fi\/wp-json\/wp\/v2\/product"}],"about":[{"href":"https:\/\/kingarms.ee\/fi\/wp-json\/wp\/v2\/types\/product"}],"wp:featuredmedia":[{"embeddable":true,"href":"https:\/\/kingarms.ee\/fi\/wp-json\/wp\/v2\/media\/43433"}],"wp:attachment":[{"href":"https:\/\/kingarms.ee\/fi\/wp-json\/wp\/v2\/media?parent=43338"}],"wp:term":[{"taxonomy":"product_brand","embeddable":true,"href":"https:\/\/kingarms.ee\/fi\/wp-json\/wp\/v2\/product_brand?post=43338"},{"taxonomy":"product_cat","embeddable":true,"href":"https:\/\/kingarms.ee\/fi\/wp-json\/wp\/v2\/product_cat?post=43338"},{"taxonomy":"product_tag","embeddable":true,"href":"https:\/\/kingarms.ee\/fi\/wp-json\/wp\/v2\/product_tag?post=43338"}],"curies":[{"name":"wp","href":"https:\/\/api.w.org\/{rel}","templated":true}]}}