{"id":43346,"date":"2022-04-18T12:19:51","date_gmt":"2022-04-18T10:35:46","guid":{"rendered":"https:\/\/kingarms.ee\/product\/he403r-gd-elite-gold-dot-tahtain\/"},"modified":"2024-08-09T11:55:19","modified_gmt":"2024-08-09T08:55:19","slug":"he403r-gd-elite-gold-dot-sight","status":"publish","type":"product","link":"https:\/\/kingarms.ee\/fi\/product\/he403r-gd-elite-gold-dot-sight\/","title":{"rendered":"HE403R-GD Elite Gold Dot Sight (Holosun)"},"content":{"rendered":"","protected":false},"excerpt":{"rendered":"<p>HE403R-GD on 20 mm:n mikrooptinen t\u00e4ht\u00e4in, joka on suunniteltu kiv\u00e4\u00e4ri- ja karabiinisovelluksiin. Ominaisuuksiin kuuluu uusi kiertokytkin, 12 kirkkausasetusta, Holosun Gold Super LED jopa 100 000 tunnin akunkestolla ja 2 MOA-pistett\u00e4.<br \/>\nKehyksess\u00e4<br \/>\nPohjakiinnitys 1\/3 Cowitness Matalaprofiilinen kiinnitys<br \/>\nJakoavain T10 L<\/p>\n","protected":false},"featured_media":43405,"template":"","meta":{"_acf_changed":false},"product_brand":[],"product_cat":[248,660],"product_tag":[],"class_list":{"0":"post-43346","1":"product","2":"type-product","3":"status-publish","4":"has-post-thumbnail","6":"product_cat-kohteet","7":"product_cat-punapistetahtaimet","9":"first","10":"onbackorder","11":"product-type-simple"},"acf":[],"_links":{"self":[{"href":"https:\/\/kingarms.ee\/fi\/wp-json\/wp\/v2\/product\/43346","targetHints":{"allow":["GET"]}}],"collection":[{"href":"https:\/\/kingarms.ee\/fi\/wp-json\/wp\/v2\/product"}],"about":[{"href":"https:\/\/kingarms.ee\/fi\/wp-json\/wp\/v2\/types\/product"}],"wp:featuredmedia":[{"embeddable":true,"href":"https:\/\/kingarms.ee\/fi\/wp-json\/wp\/v2\/media\/43405"}],"wp:attachment":[{"href":"https:\/\/kingarms.ee\/fi\/wp-json\/wp\/v2\/media?parent=43346"}],"wp:term":[{"taxonomy":"product_brand","embeddable":true,"href":"https:\/\/kingarms.ee\/fi\/wp-json\/wp\/v2\/product_brand?post=43346"},{"taxonomy":"product_cat","embeddable":true,"href":"https:\/\/kingarms.ee\/fi\/wp-json\/wp\/v2\/product_cat?post=43346"},{"taxonomy":"product_tag","embeddable":true,"href":"https:\/\/kingarms.ee\/fi\/wp-json\/wp\/v2\/product_tag?post=43346"}],"curies":[{"name":"wp","href":"https:\/\/api.w.org\/{rel}","templated":true}]}}