{"id":44006,"date":"2022-04-25T12:55:07","date_gmt":"2022-04-25T22:40:22","guid":{"rendered":"https:\/\/kingarms.ee\/product\/megaline-asekotelo-musta-49x24x9-cm-eco\/"},"modified":"2024-08-09T11:38:41","modified_gmt":"2024-08-09T08:38:41","slug":"megaline-ase-kotelo-musta-49x24x9-cm-eko","status":"publish","type":"product","link":"https:\/\/kingarms.ee\/fi\/product\/megaline-ase-kotelo-musta-49x24x9-cm-eko\/","title":{"rendered":"Megaline-asekotelo musta 49x24x9 cm ECO"},"content":{"rendered":"","protected":false},"excerpt":{"rendered":"<p>K\u00e4siaseiden kuljetukseen tarkoitettu tavaratila, valmistettu kest\u00e4v\u00e4st\u00e4 muovista, vuorattu paksulla sienell\u00e4 ns. hain leukojen rakenteella &#8211; jotta ase ei p\u00e4\u00e4se liikkumaan kuljetuksen aikana.<\/p>\n<p>Suljetaan kahdella soljella, lis\u00e4ksi mahdollisuus lukita riippulukolla. Valmistettu Italiassa, laadukas ty\u00f6.<\/p>\n","protected":false},"featured_media":43957,"template":"","meta":{"_acf_changed":false},"product_brand":[],"product_cat":[651,264,645],"product_tag":[],"class_list":{"0":"post-44006","1":"product","2":"type-product","3":"status-publish","4":"has-post-thumbnail","6":"product_cat-matkalaukut","7":"product_cat-taskut-laukut-vyot","8":"product_cat-laukut","10":"first","11":"instock","12":"purchasable","13":"product-type-simple"},"acf":[],"_links":{"self":[{"href":"https:\/\/kingarms.ee\/fi\/wp-json\/wp\/v2\/product\/44006","targetHints":{"allow":["GET"]}}],"collection":[{"href":"https:\/\/kingarms.ee\/fi\/wp-json\/wp\/v2\/product"}],"about":[{"href":"https:\/\/kingarms.ee\/fi\/wp-json\/wp\/v2\/types\/product"}],"wp:featuredmedia":[{"embeddable":true,"href":"https:\/\/kingarms.ee\/fi\/wp-json\/wp\/v2\/media\/43957"}],"wp:attachment":[{"href":"https:\/\/kingarms.ee\/fi\/wp-json\/wp\/v2\/media?parent=44006"}],"wp:term":[{"taxonomy":"product_brand","embeddable":true,"href":"https:\/\/kingarms.ee\/fi\/wp-json\/wp\/v2\/product_brand?post=44006"},{"taxonomy":"product_cat","embeddable":true,"href":"https:\/\/kingarms.ee\/fi\/wp-json\/wp\/v2\/product_cat?post=44006"},{"taxonomy":"product_tag","embeddable":true,"href":"https:\/\/kingarms.ee\/fi\/wp-json\/wp\/v2\/product_tag?post=44006"}],"curies":[{"name":"wp","href":"https:\/\/api.w.org\/{rel}","templated":true}]}}