{"id":45480,"date":"2022-04-26T13:17:19","date_gmt":"2022-04-27T04:40:49","guid":{"rendered":"https:\/\/kingarms.ee\/product\/yksittainen-pussi-pistoolilehdille-multicamo-8fields\/"},"modified":"2024-08-09T11:27:11","modified_gmt":"2024-08-09T08:27:11","slug":"yksi-pussi-pistoolille-lehtia-multicamo-8-kenttaa","status":"publish","type":"product","link":"https:\/\/kingarms.ee\/fi\/product\/yksi-pussi-pistoolille-lehtia-multicamo-8-kenttaa\/","title":{"rendered":"YKSITT\u00c4INEN PUSSI pistoolilehdille &#8211; MULTICAMO [8FIELDS]"},"content":{"rendered":"","protected":false},"excerpt":{"rendered":"<p>Pussi on valmistettu korkealaatuisesta vedenpit\u00e4v\u00e4st\u00e4 nylonista 600D. Pussi on suunniteltu yhden pistoolin lippaan s\u00e4ilytt\u00e4miseen.<\/p>\n","protected":false},"featured_media":45266,"template":"","meta":{"_acf_changed":false},"product_brand":[],"product_cat":[264,899],"product_tag":[],"class_list":{"0":"post-45480","1":"product","2":"type-product","3":"status-publish","4":"has-post-thumbnail","6":"product_cat-taskut-laukut-vyot","7":"product_cat-sailytystaskut","9":"first","10":"instock","11":"purchasable","12":"product-type-simple"},"acf":[],"_links":{"self":[{"href":"https:\/\/kingarms.ee\/fi\/wp-json\/wp\/v2\/product\/45480","targetHints":{"allow":["GET"]}}],"collection":[{"href":"https:\/\/kingarms.ee\/fi\/wp-json\/wp\/v2\/product"}],"about":[{"href":"https:\/\/kingarms.ee\/fi\/wp-json\/wp\/v2\/types\/product"}],"wp:featuredmedia":[{"embeddable":true,"href":"https:\/\/kingarms.ee\/fi\/wp-json\/wp\/v2\/media\/45266"}],"wp:attachment":[{"href":"https:\/\/kingarms.ee\/fi\/wp-json\/wp\/v2\/media?parent=45480"}],"wp:term":[{"taxonomy":"product_brand","embeddable":true,"href":"https:\/\/kingarms.ee\/fi\/wp-json\/wp\/v2\/product_brand?post=45480"},{"taxonomy":"product_cat","embeddable":true,"href":"https:\/\/kingarms.ee\/fi\/wp-json\/wp\/v2\/product_cat?post=45480"},{"taxonomy":"product_tag","embeddable":true,"href":"https:\/\/kingarms.ee\/fi\/wp-json\/wp\/v2\/product_tag?post=45480"}],"curies":[{"name":"wp","href":"https:\/\/api.w.org\/{rel}","templated":true}]}}