{"id":45528,"date":"2022-04-26T13:17:45","date_gmt":"2022-04-27T05:55:49","guid":{"rendered":"https:\/\/kingarms.ee\/product\/m4-ar-15-six-mag-stacker-drop-leg-paneeli-musta-8fields\/"},"modified":"2024-08-09T11:05:07","modified_gmt":"2024-08-09T08:05:07","slug":"m4-ar-15-six-mag-stacker-drop-leg-panel-black-8fields-2","status":"publish","type":"product","link":"https:\/\/kingarms.ee\/fi\/product\/m4-ar-15-six-mag-stacker-drop-leg-panel-black-8fields-2\/","title":{"rendered":"M4\/AR-15 SIX-MAG STACKER DROP LEG PANEELI &#8211; MUSTA [8FIELDS]"},"content":{"rendered":"","protected":false},"excerpt":{"rendered":"<p>Aikakauslehtipussiin mahtuu 6&#215;5.56 tyylisi\u00e4 lehti\u00e4 (M4 \/ AR-15 \/ M16 \/ ACR \/ FAMAS \/ SCAR-L \/ TAVOR \/ SA80 \/ Galil \/ Tyyppi 89 \/ F2000 \/ AUG) tai monia muita tarvikkeita. Avoin muotoilu mahdollistaa nopean uudelleenlatauksen ja ylim\u00e4\u00e4r\u00e4inen kuminauha, jossa on mukava ote, suojaa lippaa putoamiselta. Mukana s\u00e4\u00e4dett\u00e4v\u00e4t jalkahihnat kumisilla nauhoilla est\u00e4v\u00e4t liukumisen.<\/p>\n","protected":false},"featured_media":44554,"template":"","meta":{"_acf_changed":false},"product_brand":[],"product_cat":[264,899],"product_tag":[],"class_list":{"0":"post-45528","1":"product","2":"type-product","3":"status-publish","4":"has-post-thumbnail","6":"product_cat-taskut-laukut-vyot","7":"product_cat-sailytystaskut","9":"first","10":"instock","11":"purchasable","12":"product-type-simple"},"acf":[],"_links":{"self":[{"href":"https:\/\/kingarms.ee\/fi\/wp-json\/wp\/v2\/product\/45528","targetHints":{"allow":["GET"]}}],"collection":[{"href":"https:\/\/kingarms.ee\/fi\/wp-json\/wp\/v2\/product"}],"about":[{"href":"https:\/\/kingarms.ee\/fi\/wp-json\/wp\/v2\/types\/product"}],"wp:featuredmedia":[{"embeddable":true,"href":"https:\/\/kingarms.ee\/fi\/wp-json\/wp\/v2\/media\/44554"}],"wp:attachment":[{"href":"https:\/\/kingarms.ee\/fi\/wp-json\/wp\/v2\/media?parent=45528"}],"wp:term":[{"taxonomy":"product_brand","embeddable":true,"href":"https:\/\/kingarms.ee\/fi\/wp-json\/wp\/v2\/product_brand?post=45528"},{"taxonomy":"product_cat","embeddable":true,"href":"https:\/\/kingarms.ee\/fi\/wp-json\/wp\/v2\/product_cat?post=45528"},{"taxonomy":"product_tag","embeddable":true,"href":"https:\/\/kingarms.ee\/fi\/wp-json\/wp\/v2\/product_tag?post=45528"}],"curies":[{"name":"wp","href":"https:\/\/api.w.org\/{rel}","templated":true}]}}