{"id":45547,"date":"2022-04-26T13:17:45","date_gmt":"2022-04-27T05:55:54","guid":{"rendered":"https:\/\/kingarms.ee\/product\/jaetut-eturintavaljaat-musta-8fields\/"},"modified":"2024-08-09T11:09:31","modified_gmt":"2024-08-09T08:09:31","slug":"jaettu-etu-rinta-valjaat-musta-8-kenttaa","status":"publish","type":"product","link":"https:\/\/kingarms.ee\/fi\/product\/jaettu-etu-rinta-valjaat-musta-8-kenttaa\/","title":{"rendered":"JAETUT ETURINTAVALJAAT &#8211; MUSTA [8FIELDS]"},"content":{"rendered":"","protected":false},"excerpt":{"rendered":"<p>Rintavaljaita k\u00e4ytt\u00e4v\u00e4t laajasti ammattisotilaat ampumatarvikkeiden, lehtien ja muiden v\u00e4ltt\u00e4m\u00e4tt\u00f6mien esineiden s\u00e4ilytt\u00e4miseen. T\u00e4m\u00e4 monik\u00e4ytt\u00f6inen rintakeh\u00e4, joka pystyy kuljettamaan M4\/AR-15\/M16\/ACR\/FAMAS\/SCAR-L\/TAVOR\/SA80\/Galil\/Type 89\/F2000\/AUG aikakauslehti\u00e4. Rintavaljaiden rungossa on keskell\u00e4 oleva QR-solki, joka helpottaa pultin irrottamista kehosta.<\/p>\n","protected":false},"featured_media":44526,"template":"","meta":{"_acf_changed":false},"product_brand":[],"product_cat":[264,899],"product_tag":[],"class_list":{"0":"post-45547","1":"product","2":"type-product","3":"status-publish","4":"has-post-thumbnail","6":"product_cat-taskut-laukut-vyot","7":"product_cat-sailytystaskut","9":"first","10":"instock","11":"purchasable","12":"product-type-simple"},"acf":[],"_links":{"self":[{"href":"https:\/\/kingarms.ee\/fi\/wp-json\/wp\/v2\/product\/45547","targetHints":{"allow":["GET"]}}],"collection":[{"href":"https:\/\/kingarms.ee\/fi\/wp-json\/wp\/v2\/product"}],"about":[{"href":"https:\/\/kingarms.ee\/fi\/wp-json\/wp\/v2\/types\/product"}],"wp:featuredmedia":[{"embeddable":true,"href":"https:\/\/kingarms.ee\/fi\/wp-json\/wp\/v2\/media\/44526"}],"wp:attachment":[{"href":"https:\/\/kingarms.ee\/fi\/wp-json\/wp\/v2\/media?parent=45547"}],"wp:term":[{"taxonomy":"product_brand","embeddable":true,"href":"https:\/\/kingarms.ee\/fi\/wp-json\/wp\/v2\/product_brand?post=45547"},{"taxonomy":"product_cat","embeddable":true,"href":"https:\/\/kingarms.ee\/fi\/wp-json\/wp\/v2\/product_cat?post=45547"},{"taxonomy":"product_tag","embeddable":true,"href":"https:\/\/kingarms.ee\/fi\/wp-json\/wp\/v2\/product_tag?post=45547"}],"curies":[{"name":"wp","href":"https:\/\/api.w.org\/{rel}","templated":true}]}}