{"id":45559,"date":"2022-04-26T13:17:59","date_gmt":"2022-04-27T05:55:57","guid":{"rendered":"https:\/\/kingarms.ee\/product\/single-point-flex-sling-musta-8fields\/"},"modified":"2024-08-09T10:50:45","modified_gmt":"2024-08-09T07:50:45","slug":"yksipiste-flex-sling-musta-8-kenttaa","status":"publish","type":"product","link":"https:\/\/kingarms.ee\/fi\/product\/yksipiste-flex-sling-musta-8-kenttaa\/","title":{"rendered":"SINGLE-POINT FLEX SLING &#8211; MUSTA [8FIELDS]"},"content":{"rendered":"","protected":false},"excerpt":{"rendered":"<p>Yksipisteinen taktinen hihna metallikoukulla, valmistettu nailonista, metallista ja 8Fieldsin polymeerist\u00e4. Saatavana Multicam-v\u00e4risen\u00e4.<\/p>\n","protected":false},"featured_media":79161,"template":"","meta":{"_acf_changed":false},"product_brand":[],"product_cat":[656],"product_tag":[],"class_list":{"0":"post-45559","1":"product","2":"type-product","3":"status-publish","4":"has-post-thumbnail","6":"product_cat-kasivarsien-hihnat","8":"first","9":"instock","10":"purchasable","11":"product-type-simple"},"acf":[],"_links":{"self":[{"href":"https:\/\/kingarms.ee\/fi\/wp-json\/wp\/v2\/product\/45559","targetHints":{"allow":["GET"]}}],"collection":[{"href":"https:\/\/kingarms.ee\/fi\/wp-json\/wp\/v2\/product"}],"about":[{"href":"https:\/\/kingarms.ee\/fi\/wp-json\/wp\/v2\/types\/product"}],"wp:featuredmedia":[{"embeddable":true,"href":"https:\/\/kingarms.ee\/fi\/wp-json\/wp\/v2\/media\/79161"}],"wp:attachment":[{"href":"https:\/\/kingarms.ee\/fi\/wp-json\/wp\/v2\/media?parent=45559"}],"wp:term":[{"taxonomy":"product_brand","embeddable":true,"href":"https:\/\/kingarms.ee\/fi\/wp-json\/wp\/v2\/product_brand?post=45559"},{"taxonomy":"product_cat","embeddable":true,"href":"https:\/\/kingarms.ee\/fi\/wp-json\/wp\/v2\/product_cat?post=45559"},{"taxonomy":"product_tag","embeddable":true,"href":"https:\/\/kingarms.ee\/fi\/wp-json\/wp\/v2\/product_tag?post=45559"}],"curies":[{"name":"wp","href":"https:\/\/api.w.org\/{rel}","templated":true}]}}