{"id":45586,"date":"2022-04-26T13:17:59","date_gmt":"2022-04-27T06:01:18","guid":{"rendered":"https:\/\/kingarms.ee\/product\/ppsh-konekielireplika-oikea-puu-st\/"},"modified":"2024-08-09T10:53:02","modified_gmt":"2024-08-09T07:53:02","slug":"ppsh-submachine-gun-replica-real-wood-st-2","status":"publish","type":"product","link":"https:\/\/kingarms.ee\/fi\/product\/ppsh-submachine-gun-replica-real-wood-st-2\/","title":{"rendered":"PPSH-KONEKIELIREPLIKA &#8211; OIKEA PUU [ST]"},"content":{"rendered":"","protected":false},"excerpt":{"rendered":"<p>PPSH-KONEKIELIREPLIKA &#8211; OIKEA PUU [ST]<\/p>\n<p>Paino: 3780 g<br \/>\nV\u00e4ri: puinen<br \/>\nMateriaali: ter\u00e4s, puu, metalli<br \/>\nPalotila: yksitt\u00e4inen, automaattinen<br \/>\nLehden malli: hi-cap<br \/>\nLehden materiaali: ter\u00e4s<br \/>\nAkku sis\u00e4ltyy sarjaan: NO<br \/>\nVaihteiston versio: omistettu<br \/>\nLaakereiden tyyppi: ter\u00e4s liukuva<br \/>\nLaakereiden halkaisija: 8 mm<br \/>\nHop up: s\u00e4\u00e4dett\u00e4v\u00e4<br \/>\nAmmukset: .28g, .25g<br \/>\nSarjanumero: KYLL\u00c4<br \/>\nPituus: 840 mm<br \/>\nAikakauslehtikapasiteetti: 2000 BBs<br \/>\nAkun j\u00e4nnite V: 8,4<br \/>\nSis\u00e4piipun pituus: 275 mm<br \/>\nKuono-energia: 1,41 J<br \/>\nKuononopeus fps: 390<br \/>\nSis\u00e4putken halkaisija: 6,03 mm<br \/>\nReplikamalli: PPSh Airsoft Gun<\/p>\n","protected":false},"featured_media":44330,"template":"","meta":{"_acf_changed":false},"product_brand":[],"product_cat":[251],"product_tag":[527],"class_list":{"0":"post-45586","1":"product","2":"type-product","3":"status-publish","4":"has-post-thumbnail","6":"product_cat-sahkoaseet","7":"product_tag-4blss3ph-fi","9":"first","10":"onbackorder","11":"product-type-simple"},"acf":[],"_links":{"self":[{"href":"https:\/\/kingarms.ee\/fi\/wp-json\/wp\/v2\/product\/45586","targetHints":{"allow":["GET"]}}],"collection":[{"href":"https:\/\/kingarms.ee\/fi\/wp-json\/wp\/v2\/product"}],"about":[{"href":"https:\/\/kingarms.ee\/fi\/wp-json\/wp\/v2\/types\/product"}],"wp:featuredmedia":[{"embeddable":true,"href":"https:\/\/kingarms.ee\/fi\/wp-json\/wp\/v2\/media\/44330"}],"wp:attachment":[{"href":"https:\/\/kingarms.ee\/fi\/wp-json\/wp\/v2\/media?parent=45586"}],"wp:term":[{"taxonomy":"product_brand","embeddable":true,"href":"https:\/\/kingarms.ee\/fi\/wp-json\/wp\/v2\/product_brand?post=45586"},{"taxonomy":"product_cat","embeddable":true,"href":"https:\/\/kingarms.ee\/fi\/wp-json\/wp\/v2\/product_cat?post=45586"},{"taxonomy":"product_tag","embeddable":true,"href":"https:\/\/kingarms.ee\/fi\/wp-json\/wp\/v2\/product_tag?post=45586"}],"curies":[{"name":"wp","href":"https:\/\/api.w.org\/{rel}","templated":true}]}}