{"id":45588,"date":"2022-04-26T13:17:59","date_gmt":"2022-04-27T06:01:18","guid":{"rendered":"https:\/\/kingarms.ee\/product\/muunnin-lipo-usb-laturi-em\/"},"modified":"2024-08-09T10:53:44","modified_gmt":"2024-08-09T07:53:44","slug":"muunnin-lipo-usb-laturi-em","status":"publish","type":"product","link":"https:\/\/kingarms.ee\/fi\/product\/muunnin-lipo-usb-laturi-em\/","title":{"rendered":"MUUNNIN LIPO\/USB-LATURI [EM]"},"content":{"rendered":"","protected":false},"excerpt":{"rendered":"<p>T\u00e4m\u00e4n k\u00e4tev\u00e4n pienen laitteen avulla voit vaihtaa Li-Po-akun Power Bankiksi. Se on t\u00e4ydellinen ratkaisu ulkoiluun, kun haluat ladata puhelinta, kameraa tai mit\u00e4 tahansa muuta USB-virtal\u00e4hdett\u00e4.<\/p>\n<p>Tulo: 6V &#8211; 26V<br \/>\nL\u00e4ht\u00f6: 5V, max 3A, automaattinen sovitus l\u00e4ht\u00f6virralle<br \/>\nKoko: 110x22x15 mm<\/p>\n","protected":false},"featured_media":44298,"template":"","meta":{"_acf_changed":false},"product_brand":[],"product_cat":[276],"product_tag":[],"class_list":{"0":"post-45588","1":"product","2":"type-product","3":"status-publish","4":"has-post-thumbnail","6":"product_cat-varaosat","8":"first","9":"instock","10":"purchasable","11":"product-type-simple"},"acf":[],"_links":{"self":[{"href":"https:\/\/kingarms.ee\/fi\/wp-json\/wp\/v2\/product\/45588","targetHints":{"allow":["GET"]}}],"collection":[{"href":"https:\/\/kingarms.ee\/fi\/wp-json\/wp\/v2\/product"}],"about":[{"href":"https:\/\/kingarms.ee\/fi\/wp-json\/wp\/v2\/types\/product"}],"wp:featuredmedia":[{"embeddable":true,"href":"https:\/\/kingarms.ee\/fi\/wp-json\/wp\/v2\/media\/44298"}],"wp:attachment":[{"href":"https:\/\/kingarms.ee\/fi\/wp-json\/wp\/v2\/media?parent=45588"}],"wp:term":[{"taxonomy":"product_brand","embeddable":true,"href":"https:\/\/kingarms.ee\/fi\/wp-json\/wp\/v2\/product_brand?post=45588"},{"taxonomy":"product_cat","embeddable":true,"href":"https:\/\/kingarms.ee\/fi\/wp-json\/wp\/v2\/product_cat?post=45588"},{"taxonomy":"product_tag","embeddable":true,"href":"https:\/\/kingarms.ee\/fi\/wp-json\/wp\/v2\/product_tag?post=45588"}],"curies":[{"name":"wp","href":"https:\/\/api.w.org\/{rel}","templated":true}]}}