{"id":45596,"date":"2022-04-26T13:17:59","date_gmt":"2022-04-27T06:01:19","guid":{"rendered":"https:\/\/kingarms.ee\/product\/r604-musta-army-armament\/"},"modified":"2024-08-09T10:54:25","modified_gmt":"2024-08-09T07:54:25","slug":"r604-musta-armeija-aseet","status":"publish","type":"product","link":"https:\/\/kingarms.ee\/fi\/product\/r604-musta-armeija-aseet\/","title":{"rendered":"R604 &#8211; MUSTA [ARMY ARMAMENT]"},"content":{"rendered":"","protected":false},"excerpt":{"rendered":"<p>Paino: 1030 g<br \/>\nV\u00e4ri musta<br \/>\nMateriaali: polymeeri, metalli<br \/>\nPalotila: yksitt\u00e4inen<br \/>\nLehden materiaali: metalli<br \/>\nAikakauslehtityyppi: Green Gas<br \/>\nTakuuaika: 6 kuukautta<br \/>\nTakaisinpuhallus: kyll\u00e4<br \/>\nHop up: s\u00e4\u00e4dett\u00e4v\u00e4<br \/>\nSarjanumero: KYLL\u00c4<br \/>\nPituus: 225 mm<br \/>\nKorkeus mm: 160<br \/>\nAikakauslehtikapasiteetti: 28 BBs<br \/>\nSis\u00e4piipun pituus: 100 mm<br \/>\nKuono-energia: 0,89 J<br \/>\nKuononopeus fps: 310<br \/>\nSis\u00e4putken halkaisija: 6,03 mm<\/p>\n","protected":false},"featured_media":45365,"template":"","meta":{"_acf_changed":false},"product_brand":[],"product_cat":[252],"product_tag":[],"class_list":{"0":"post-45596","1":"product","2":"type-product","3":"status-publish","4":"has-post-thumbnail","6":"product_cat-kaasutoimiset-aseet","8":"first","9":"onbackorder","10":"product-type-simple"},"acf":[],"_links":{"self":[{"href":"https:\/\/kingarms.ee\/fi\/wp-json\/wp\/v2\/product\/45596","targetHints":{"allow":["GET"]}}],"collection":[{"href":"https:\/\/kingarms.ee\/fi\/wp-json\/wp\/v2\/product"}],"about":[{"href":"https:\/\/kingarms.ee\/fi\/wp-json\/wp\/v2\/types\/product"}],"wp:featuredmedia":[{"embeddable":true,"href":"https:\/\/kingarms.ee\/fi\/wp-json\/wp\/v2\/media\/45365"}],"wp:attachment":[{"href":"https:\/\/kingarms.ee\/fi\/wp-json\/wp\/v2\/media?parent=45596"}],"wp:term":[{"taxonomy":"product_brand","embeddable":true,"href":"https:\/\/kingarms.ee\/fi\/wp-json\/wp\/v2\/product_brand?post=45596"},{"taxonomy":"product_cat","embeddable":true,"href":"https:\/\/kingarms.ee\/fi\/wp-json\/wp\/v2\/product_cat?post=45596"},{"taxonomy":"product_tag","embeddable":true,"href":"https:\/\/kingarms.ee\/fi\/wp-json\/wp\/v2\/product_tag?post=45596"}],"curies":[{"name":"wp","href":"https:\/\/api.w.org\/{rel}","templated":true}]}}