{"id":45598,"date":"2022-04-26T13:17:59","date_gmt":"2022-04-27T06:01:20","guid":{"rendered":"https:\/\/kingarms.ee\/product\/cm-515-pimea-maa-cyma\/"},"modified":"2024-08-09T10:55:07","modified_gmt":"2024-08-09T07:55:07","slug":"cm-515-tumma-maa-syma","status":"publish","type":"product","link":"https:\/\/kingarms.ee\/fi\/product\/cm-515-tumma-maa-syma\/","title":{"rendered":"CM.515 &#8211; PIME\u00c4 MAA [CYMA]"},"content":{"rendered":"","protected":false},"excerpt":{"rendered":"<p>CM.515 &#8211; PIME\u00c4 MAA [CYMA]<\/p>\n<p>Paino: 1880 g<br \/>\nV\u00e4ri: tumma maa<br \/>\nMateriaali: ter\u00e4s, alumiini, ABS<br \/>\nPalotila: yksitt\u00e4inen, automaattinen<br \/>\nLehden malli: hi-cap<br \/>\nLehden materiaali: ABS<br \/>\nAkku sis\u00e4ltyy sarjaan: KYLL\u00c4<br \/>\nAkun tyyppi: erikoisvoima<br \/>\nAkun tyyppi: NiMH<br \/>\nAkun liittimen tyyppi: pieni Tamiya<br \/>\nAkkukennotyyppi: mini<br \/>\nVaihteiston versio: v.2<br \/>\nLaakereiden tyyppi: ter\u00e4s liukuva<br \/>\nLaakereiden halkaisija: 8 mm<br \/>\nTynnyrin kierretyyppi: vastap\u00e4iv\u00e4\u00e4n<br \/>\nPituus: 792 mm<br \/>\nLehden kapasiteetti: 300 BBs<br \/>\nAkun j\u00e4nnite V: 8,4<br \/>\nAkun kapasitanssi mAh: 1100<br \/>\nSis\u00e4piipun pituus: 380 mm<br \/>\nKuono-energia: 1,34-1,49 J<br \/>\nKuononopeus fps: 380-400<br \/>\nPiipun kierteen halkaisija mm: 14<\/p>\n","protected":false},"featured_media":44166,"template":"","meta":{"_acf_changed":false},"product_brand":[],"product_cat":[251],"product_tag":[527],"class_list":{"0":"post-45598","1":"product","2":"type-product","3":"status-publish","4":"has-post-thumbnail","6":"product_cat-sahkoaseet","7":"product_tag-4blss3ph-fi","9":"first","10":"onbackorder","11":"product-type-simple"},"acf":[],"_links":{"self":[{"href":"https:\/\/kingarms.ee\/fi\/wp-json\/wp\/v2\/product\/45598","targetHints":{"allow":["GET"]}}],"collection":[{"href":"https:\/\/kingarms.ee\/fi\/wp-json\/wp\/v2\/product"}],"about":[{"href":"https:\/\/kingarms.ee\/fi\/wp-json\/wp\/v2\/types\/product"}],"wp:featuredmedia":[{"embeddable":true,"href":"https:\/\/kingarms.ee\/fi\/wp-json\/wp\/v2\/media\/44166"}],"wp:attachment":[{"href":"https:\/\/kingarms.ee\/fi\/wp-json\/wp\/v2\/media?parent=45598"}],"wp:term":[{"taxonomy":"product_brand","embeddable":true,"href":"https:\/\/kingarms.ee\/fi\/wp-json\/wp\/v2\/product_brand?post=45598"},{"taxonomy":"product_cat","embeddable":true,"href":"https:\/\/kingarms.ee\/fi\/wp-json\/wp\/v2\/product_cat?post=45598"},{"taxonomy":"product_tag","embeddable":true,"href":"https:\/\/kingarms.ee\/fi\/wp-json\/wp\/v2\/product_tag?post=45598"}],"curies":[{"name":"wp","href":"https:\/\/api.w.org\/{rel}","templated":true}]}}