{"id":45618,"date":"2022-04-26T13:17:19","date_gmt":"2022-04-27T12:10:41","guid":{"rendered":"https:\/\/kingarms.ee\/product\/open-top-double-pistol-mag-pouch-mt-8fields\/"},"modified":"2024-08-09T11:31:27","modified_gmt":"2024-08-09T08:31:27","slug":"open-top-double-pistol-mag-pouch-mt-8fields-2","status":"publish","type":"product","link":"https:\/\/kingarms.ee\/fi\/product\/open-top-double-pistol-mag-pouch-mt-8fields-2\/","title":{"rendered":"OPEN TOP DOUBLE PISTOL MAG POUCH &#8211; MT [8FIELDS]"},"content":{"rendered":"","protected":false},"excerpt":{"rendered":"<p>T\u00e4m\u00e4 kaksinkertainen pistoolitasku voidaan kiinnitt\u00e4\u00e4 Molle-j\u00e4rjestelm\u00e4ll\u00e4.<br \/>\nIi on valmistettu eritt\u00e4in kevyest\u00e4 ja kest\u00e4v\u00e4st\u00e4 materiaalista, on t\u00e4ysin vedenpit\u00e4v\u00e4 ja jokaisen taskun pohjassa on v\u00e4rilliset tyhjennysl\u00e4piviennit<br \/>\nS\u00e4ilytys voi olla erikokoista lehte\u00e4, taskulamppua, veist\u00e4 jne<br \/>\nSivulla on kiinnityshihnat, jotka antavat tarpeeksi kireytt\u00e4 pit\u00e4m\u00e4\u00e4n lippaan paikoillaan.<\/p>\n","protected":false},"featured_media":45130,"template":"","meta":{"_acf_changed":false},"product_brand":[],"product_cat":[264,899],"product_tag":[],"class_list":{"0":"post-45618","1":"product","2":"type-product","3":"status-publish","4":"has-post-thumbnail","6":"product_cat-taskut-laukut-vyot","7":"product_cat-sailytystaskut","9":"first","10":"instock","11":"purchasable","12":"product-type-simple"},"acf":[],"_links":{"self":[{"href":"https:\/\/kingarms.ee\/fi\/wp-json\/wp\/v2\/product\/45618","targetHints":{"allow":["GET"]}}],"collection":[{"href":"https:\/\/kingarms.ee\/fi\/wp-json\/wp\/v2\/product"}],"about":[{"href":"https:\/\/kingarms.ee\/fi\/wp-json\/wp\/v2\/types\/product"}],"wp:featuredmedia":[{"embeddable":true,"href":"https:\/\/kingarms.ee\/fi\/wp-json\/wp\/v2\/media\/45130"}],"wp:attachment":[{"href":"https:\/\/kingarms.ee\/fi\/wp-json\/wp\/v2\/media?parent=45618"}],"wp:term":[{"taxonomy":"product_brand","embeddable":true,"href":"https:\/\/kingarms.ee\/fi\/wp-json\/wp\/v2\/product_brand?post=45618"},{"taxonomy":"product_cat","embeddable":true,"href":"https:\/\/kingarms.ee\/fi\/wp-json\/wp\/v2\/product_cat?post=45618"},{"taxonomy":"product_tag","embeddable":true,"href":"https:\/\/kingarms.ee\/fi\/wp-json\/wp\/v2\/product_tag?post=45618"}],"curies":[{"name":"wp","href":"https:\/\/api.w.org\/{rel}","templated":true}]}}