{"id":45678,"date":"2022-04-26T13:17:32","date_gmt":"2022-04-27T12:11:27","guid":{"rendered":"https:\/\/kingarms.ee\/product\/kaksoinen-lehtipussi-mp5-mp7-mp9lle-multicamo-8fields\/"},"modified":"2024-08-09T11:18:07","modified_gmt":"2024-08-09T08:18:07","slug":"kaksoislehti-pussi-mp5-mp7-mp9-multicamo-8-kentalle","status":"publish","type":"product","link":"https:\/\/kingarms.ee\/fi\/product\/kaksoislehti-pussi-mp5-mp7-mp9-multicamo-8-kentalle\/","title":{"rendered":"KAKSOINEN LEHTIPUSSI MP5\/MP7\/MP9:lle &#8211; MULTICAMO [8FIELDS]"},"content":{"rendered":"","protected":false},"excerpt":{"rendered":"<p>Tehty kahdelle MP5\/MP7\/MP9-lehdelle. Molle-j\u00e4rjestelm\u00e4n paino: 120 g. Materiaali: 600D polyesteri. Laatikon sis\u00e4lt\u00f6: 1x kaksinkertainen lipastasku MP5\/MP7\/M9:lle valitussa v\u00e4riss\u00e4.<\/p>\n","protected":false},"featured_media":45010,"template":"","meta":{"_acf_changed":false},"product_brand":[],"product_cat":[899,264],"product_tag":[],"class_list":{"0":"post-45678","1":"product","2":"type-product","3":"status-publish","4":"has-post-thumbnail","6":"product_cat-sailytystaskut","7":"product_cat-taskut-laukut-vyot","9":"first","10":"instock","11":"purchasable","12":"product-type-simple"},"acf":[],"_links":{"self":[{"href":"https:\/\/kingarms.ee\/fi\/wp-json\/wp\/v2\/product\/45678","targetHints":{"allow":["GET"]}}],"collection":[{"href":"https:\/\/kingarms.ee\/fi\/wp-json\/wp\/v2\/product"}],"about":[{"href":"https:\/\/kingarms.ee\/fi\/wp-json\/wp\/v2\/types\/product"}],"wp:featuredmedia":[{"embeddable":true,"href":"https:\/\/kingarms.ee\/fi\/wp-json\/wp\/v2\/media\/45010"}],"wp:attachment":[{"href":"https:\/\/kingarms.ee\/fi\/wp-json\/wp\/v2\/media?parent=45678"}],"wp:term":[{"taxonomy":"product_brand","embeddable":true,"href":"https:\/\/kingarms.ee\/fi\/wp-json\/wp\/v2\/product_brand?post=45678"},{"taxonomy":"product_cat","embeddable":true,"href":"https:\/\/kingarms.ee\/fi\/wp-json\/wp\/v2\/product_cat?post=45678"},{"taxonomy":"product_tag","embeddable":true,"href":"https:\/\/kingarms.ee\/fi\/wp-json\/wp\/v2\/product_tag?post=45678"}],"curies":[{"name":"wp","href":"https:\/\/api.w.org\/{rel}","templated":true}]}}