{"id":45693,"date":"2022-04-26T13:17:32","date_gmt":"2022-04-27T12:11:28","guid":{"rendered":"https:\/\/kingarms.ee\/product\/roll-up-dump-pussi-musta-8fields\/"},"modified":"2024-08-09T11:20:59","modified_gmt":"2024-08-09T08:20:59","slug":"roll-up-dump-pussi-musta-8-kenttaa","status":"publish","type":"product","link":"https:\/\/kingarms.ee\/fi\/product\/roll-up-dump-pussi-musta-8-kenttaa\/","title":{"rendered":"ROLL-UP DUMP PUSSI &#8211; MUSTA [8FIELDS]"},"content":{"rendered":"","protected":false},"excerpt":{"rendered":"<p>Roll-Up Drop Pouch -pussiin mahtuu jopa 8 k\u00e4ytetty\u00e4 M4\/M16-makasiinia. Rullautuu kun ei ole k\u00e4yt\u00f6ss\u00e4. Yleishihnat mahdollistavat helpon kiinnitt\u00e4misen vy\u00f6h\u00f6n, laukkuun tai liiviin.<\/p>\n","protected":false},"featured_media":44806,"template":"","meta":{"_acf_changed":false},"product_brand":[],"product_cat":[899,264],"product_tag":[],"class_list":{"0":"post-45693","1":"product","2":"type-product","3":"status-publish","4":"has-post-thumbnail","6":"product_cat-sailytystaskut","7":"product_cat-taskut-laukut-vyot","9":"first","10":"instock","11":"purchasable","12":"product-type-simple"},"acf":[],"_links":{"self":[{"href":"https:\/\/kingarms.ee\/fi\/wp-json\/wp\/v2\/product\/45693","targetHints":{"allow":["GET"]}}],"collection":[{"href":"https:\/\/kingarms.ee\/fi\/wp-json\/wp\/v2\/product"}],"about":[{"href":"https:\/\/kingarms.ee\/fi\/wp-json\/wp\/v2\/types\/product"}],"wp:featuredmedia":[{"embeddable":true,"href":"https:\/\/kingarms.ee\/fi\/wp-json\/wp\/v2\/media\/44806"}],"wp:attachment":[{"href":"https:\/\/kingarms.ee\/fi\/wp-json\/wp\/v2\/media?parent=45693"}],"wp:term":[{"taxonomy":"product_brand","embeddable":true,"href":"https:\/\/kingarms.ee\/fi\/wp-json\/wp\/v2\/product_brand?post=45693"},{"taxonomy":"product_cat","embeddable":true,"href":"https:\/\/kingarms.ee\/fi\/wp-json\/wp\/v2\/product_cat?post=45693"},{"taxonomy":"product_tag","embeddable":true,"href":"https:\/\/kingarms.ee\/fi\/wp-json\/wp\/v2\/product_tag?post=45693"}],"curies":[{"name":"wp","href":"https:\/\/api.w.org\/{rel}","templated":true}]}}