{"id":45694,"date":"2022-04-26T13:17:32","date_gmt":"2022-04-27T12:11:28","guid":{"rendered":"https:\/\/kingarms.ee\/product\/horizontalinen-kayttopussi-multicamo-8fields\/"},"modified":"2024-08-09T11:21:42","modified_gmt":"2024-08-09T08:21:42","slug":"vaaka-hyoty-pussi-multicamo-8-kenttaa","status":"publish","type":"product","link":"https:\/\/kingarms.ee\/fi\/product\/vaaka-hyoty-pussi-multicamo-8-kenttaa\/","title":{"rendered":"HORIZONTALINEN K\u00c4YTT\u00d6PUSSI &#8211; MULTICAMO [8FIELDS]"},"content":{"rendered":"","protected":false},"excerpt":{"rendered":"<p>T\u00e4m\u00e4 yleislaukku on valmistettu vedenpit\u00e4v\u00e4st\u00e4 polyesterista 600D. Voidaan k\u00e4ytt\u00e4\u00e4 aikakauslehtien, k\u00e4siraudoiden, puhelimen, asiakirjojen, GPS:n, pienen radion, kompaktikameran tai muiden sopivien tavaroiden s\u00e4ilytykseen.<br \/>\nSis\u00e4ll\u00e4 3 sis\u00e4taskua.<br \/>\nYhteensopiva kaikkien MOLLE-alustojen kanssa (liivi, laukku, ty\u00f6vy\u00f6 tai reppu).<\/p>\n","protected":false},"featured_media":44882,"template":"","meta":{"_acf_changed":false},"product_brand":[],"product_cat":[264,646],"product_tag":[],"class_list":{"0":"post-45694","1":"product","2":"type-product","3":"status-publish","4":"has-post-thumbnail","6":"product_cat-taskut-laukut-vyot","7":"product_cat-taskut","9":"first","10":"instock","11":"purchasable","12":"product-type-simple"},"acf":[],"_links":{"self":[{"href":"https:\/\/kingarms.ee\/fi\/wp-json\/wp\/v2\/product\/45694","targetHints":{"allow":["GET"]}}],"collection":[{"href":"https:\/\/kingarms.ee\/fi\/wp-json\/wp\/v2\/product"}],"about":[{"href":"https:\/\/kingarms.ee\/fi\/wp-json\/wp\/v2\/types\/product"}],"wp:featuredmedia":[{"embeddable":true,"href":"https:\/\/kingarms.ee\/fi\/wp-json\/wp\/v2\/media\/44882"}],"wp:attachment":[{"href":"https:\/\/kingarms.ee\/fi\/wp-json\/wp\/v2\/media?parent=45694"}],"wp:term":[{"taxonomy":"product_brand","embeddable":true,"href":"https:\/\/kingarms.ee\/fi\/wp-json\/wp\/v2\/product_brand?post=45694"},{"taxonomy":"product_cat","embeddable":true,"href":"https:\/\/kingarms.ee\/fi\/wp-json\/wp\/v2\/product_cat?post=45694"},{"taxonomy":"product_tag","embeddable":true,"href":"https:\/\/kingarms.ee\/fi\/wp-json\/wp\/v2\/product_tag?post=45694"}],"curies":[{"name":"wp","href":"https:\/\/api.w.org\/{rel}","templated":true}]}}