{"id":46995,"date":"2022-04-29T14:01:03","date_gmt":"2022-04-29T11:01:03","guid":{"rendered":"https:\/\/kingarms.ee\/product\/bruni-guns-ylapapua-tyhja-pistoli-kaliberi-380-musta\/"},"modified":"2024-08-09T10:19:46","modified_gmt":"2024-08-09T07:19:46","slug":"bruni-aseet-top-ampuminen-blank-pistooli-kaliiperi-380-musta","status":"publish","type":"product","link":"https:\/\/kingarms.ee\/fi\/product\/bruni-aseet-top-ampuminen-blank-pistooli-kaliiperi-380-musta\/","title":{"rendered":"BRUNI GUNS YL\u00c4PAPUA TYHJ\u00c4 PISTOLI KALIBERI 380 MUSTA"},"content":{"rendered":"","protected":false},"excerpt":{"rendered":"<p>Bruni guns yl\u00e4papua tyhj\u00e4 pistoli kaliberi 380 musta<\/p>\n<p>Yl\u00e4k\u00e4sittely tyhj\u00e4 revolver 6 py\u00f6r\u00e4st\u00e4 magazine 380mm kaliberi single action puukohde pituus 272mm paino 1000g musta v\u00e4ri<\/p>\n","protected":false},"featured_media":152698,"template":"","meta":{"_acf_changed":false},"product_brand":[],"product_cat":[254],"product_tag":[],"class_list":{"0":"post-46995","1":"product","2":"type-product","3":"status-publish","4":"has-post-thumbnail","6":"product_cat-kaynnistys-pistoolit","8":"first","9":"instock","10":"purchasable","11":"product-type-simple"},"acf":[],"_links":{"self":[{"href":"https:\/\/kingarms.ee\/fi\/wp-json\/wp\/v2\/product\/46995","targetHints":{"allow":["GET"]}}],"collection":[{"href":"https:\/\/kingarms.ee\/fi\/wp-json\/wp\/v2\/product"}],"about":[{"href":"https:\/\/kingarms.ee\/fi\/wp-json\/wp\/v2\/types\/product"}],"wp:featuredmedia":[{"embeddable":true,"href":"https:\/\/kingarms.ee\/fi\/wp-json\/wp\/v2\/media\/152698"}],"wp:attachment":[{"href":"https:\/\/kingarms.ee\/fi\/wp-json\/wp\/v2\/media?parent=46995"}],"wp:term":[{"taxonomy":"product_brand","embeddable":true,"href":"https:\/\/kingarms.ee\/fi\/wp-json\/wp\/v2\/product_brand?post=46995"},{"taxonomy":"product_cat","embeddable":true,"href":"https:\/\/kingarms.ee\/fi\/wp-json\/wp\/v2\/product_cat?post=46995"},{"taxonomy":"product_tag","embeddable":true,"href":"https:\/\/kingarms.ee\/fi\/wp-json\/wp\/v2\/product_tag?post=46995"}],"curies":[{"name":"wp","href":"https:\/\/api.w.org\/{rel}","templated":true}]}}