{"id":47000,"date":"2022-04-29T14:01:00","date_gmt":"2022-04-29T15:51:30","guid":{"rendered":"https:\/\/kingarms.ee\/product\/js-tactical-combo-3x-9x-zomm-40mm-objektiivin-kaytto-red-dot-laserilla\/"},"modified":"2024-08-09T10:25:28","modified_gmt":"2024-08-09T07:25:28","slug":"js-tactical-combo-3x-9x-zomm-40mm-objektiivi-tahtain-punapistelaserilla","status":"publish","type":"product","link":"https:\/\/kingarms.ee\/fi\/product\/js-tactical-combo-3x-9x-zomm-40mm-objektiivi-tahtain-punapistelaserilla\/","title":{"rendered":"JS-TACTICAL COMBO 3X-9X ZOMM 40MM OBJEKTIIVIN K\u00c4YTT\u00d6 RED DOT LASERILLA"},"content":{"rendered":"","protected":false},"excerpt":{"rendered":"<p>Soveltamisala<br \/>\n40 mm objektiivinen linssit<br \/>\nS\u00e4\u00e4dett\u00e4v\u00e4 zoom 3x-9x<br \/>\nPunainen tai vihre\u00e4 et\u00e4isyysmittari, 5 s\u00e4\u00e4dett\u00e4v\u00e4ll\u00e4 intensiteettasolla<br \/>\nS\u00e4\u00e4dett\u00e4v\u00e4 tarkennus ja parallaksi<br \/>\nNopeasti s\u00e4\u00e4dett\u00e4v\u00e4 tuuli ja korkeus (1 klikkaus &#8211; 1\/4 moa)<br \/>\n3x standardi 20mm kiskot lis\u00e4varusteisiin<br \/>\nSuorakiinnitys standardille 20 mm kiskoille (ei renkaa)<br \/>\nK\u00e4\u00e4ntyv\u00e4t suojakappiet<br \/>\nVirran 1 x cr2032 akku (mukana)<\/p>\n<p>Punainen piste<br \/>\nPunainen tai vihre\u00e4 n\u00e4kym\u00e4, s\u00e4\u00e4dett\u00e4v\u00e4 intensiteetti<br \/>\nS\u00e4\u00e4dett\u00e4v\u00e4 tuuli ja korkeus<br \/>\nVirran 1 x cr2032 akku (mukana)<\/p>\n<p>Punainen laser<br \/>\nVirtapainike<br \/>\nS\u00e4\u00e4dett\u00e4v\u00e4 tuuli ja korkeus<br \/>\nVirran 3 x lr44 paristot (mukana)<\/p>\n<p>Lis\u00e4varusteet on asennettu 20mm standardikiskoille<br \/>\nPituus 350mm<br \/>\nPaino 920g<\/p>\n","protected":false},"featured_media":46922,"template":"","meta":{"_acf_changed":false},"product_brand":[],"product_cat":[649],"product_tag":[],"class_list":{"0":"post-47000","1":"product","2":"type-product","3":"status-publish","4":"has-post-thumbnail","6":"product_cat-ottelut","8":"first","9":"instock","10":"purchasable","11":"product-type-simple"},"acf":[],"_links":{"self":[{"href":"https:\/\/kingarms.ee\/fi\/wp-json\/wp\/v2\/product\/47000","targetHints":{"allow":["GET"]}}],"collection":[{"href":"https:\/\/kingarms.ee\/fi\/wp-json\/wp\/v2\/product"}],"about":[{"href":"https:\/\/kingarms.ee\/fi\/wp-json\/wp\/v2\/types\/product"}],"wp:featuredmedia":[{"embeddable":true,"href":"https:\/\/kingarms.ee\/fi\/wp-json\/wp\/v2\/media\/46922"}],"wp:attachment":[{"href":"https:\/\/kingarms.ee\/fi\/wp-json\/wp\/v2\/media?parent=47000"}],"wp:term":[{"taxonomy":"product_brand","embeddable":true,"href":"https:\/\/kingarms.ee\/fi\/wp-json\/wp\/v2\/product_brand?post=47000"},{"taxonomy":"product_cat","embeddable":true,"href":"https:\/\/kingarms.ee\/fi\/wp-json\/wp\/v2\/product_cat?post=47000"},{"taxonomy":"product_tag","embeddable":true,"href":"https:\/\/kingarms.ee\/fi\/wp-json\/wp\/v2\/product_tag?post=47000"}],"curies":[{"name":"wp","href":"https:\/\/api.w.org\/{rel}","templated":true}]}}