{"id":47009,"date":"2022-04-29T14:01:00","date_gmt":"2022-04-29T15:51:32","guid":{"rendered":"https:\/\/kingarms.ee\/product\/beretta-m92-musta-royal-leg-kotelot\/"},"modified":"2024-08-09T10:26:54","modified_gmt":"2024-08-09T07:26:54","slug":"royal-leg-holder-for-beretta-m92-musta","status":"publish","type":"product","link":"https:\/\/kingarms.ee\/fi\/product\/royal-leg-holder-for-beretta-m92-musta\/","title":{"rendered":"BERETTA M92 MUSTA ROYAL LEG KOTELOT"},"content":{"rendered":"","protected":false},"excerpt":{"rendered":"<p>Beretta m92-sarjan jalkapuoli<\/p>\n<p>T\u00e4ysin s\u00e4\u00e4dett\u00e4v\u00e4t mag-pussi ja taskulampun teline<\/p>\n","protected":false},"featured_media":46742,"template":"","meta":{"_acf_changed":false},"product_brand":[],"product_cat":[244],"product_tag":[],"class_list":{"0":"post-47009","1":"product","2":"type-product","3":"status-publish","4":"has-post-thumbnail","6":"product_cat-holsters-fi","8":"first","9":"instock","10":"purchasable","11":"product-type-simple"},"acf":[],"_links":{"self":[{"href":"https:\/\/kingarms.ee\/fi\/wp-json\/wp\/v2\/product\/47009","targetHints":{"allow":["GET"]}}],"collection":[{"href":"https:\/\/kingarms.ee\/fi\/wp-json\/wp\/v2\/product"}],"about":[{"href":"https:\/\/kingarms.ee\/fi\/wp-json\/wp\/v2\/types\/product"}],"wp:featuredmedia":[{"embeddable":true,"href":"https:\/\/kingarms.ee\/fi\/wp-json\/wp\/v2\/media\/46742"}],"wp:attachment":[{"href":"https:\/\/kingarms.ee\/fi\/wp-json\/wp\/v2\/media?parent=47009"}],"wp:term":[{"taxonomy":"product_brand","embeddable":true,"href":"https:\/\/kingarms.ee\/fi\/wp-json\/wp\/v2\/product_brand?post=47009"},{"taxonomy":"product_cat","embeddable":true,"href":"https:\/\/kingarms.ee\/fi\/wp-json\/wp\/v2\/product_cat?post=47009"},{"taxonomy":"product_tag","embeddable":true,"href":"https:\/\/kingarms.ee\/fi\/wp-json\/wp\/v2\/product_tag?post=47009"}],"curies":[{"name":"wp","href":"https:\/\/api.w.org\/{rel}","templated":true}]}}