{"id":47027,"date":"2022-04-29T14:01:00","date_gmt":"2022-04-29T15:51:37","guid":{"rendered":"https:\/\/kingarms.ee\/product\/wosport-tactical-leg-holster-tan\/"},"modified":"2024-08-09T10:30:31","modified_gmt":"2024-08-09T07:30:31","slug":"wosport-tactical-leg-holster-tan-2","status":"publish","type":"product","link":"https:\/\/kingarms.ee\/fi\/product\/wosport-tactical-leg-holster-tan-2\/","title":{"rendered":"WOSPORT TACTICAL LEG HOLSTER TAN"},"content":{"rendered":"","protected":false},"excerpt":{"rendered":"<p>Wosport tactical leg holster tan<\/p>\n<p>Taktinen jalkapuoli<br \/>\n600d oxford kankaat<br \/>\nMonikiinnitt\u00e4v\u00e4t tarkapisteet<br \/>\nKiinnitys vy\u00f6t\u00e4r\u00e4hy\u00f6n<br \/>\nMitat noin leveys 10cm korkeus 20cm<\/p>\n","protected":false},"featured_media":46678,"template":"","meta":{"_acf_changed":false},"product_brand":[],"product_cat":[244],"product_tag":[],"class_list":{"0":"post-47027","1":"product","2":"type-product","3":"status-publish","4":"has-post-thumbnail","6":"product_cat-holsters-fi","8":"first","9":"onbackorder","10":"product-type-simple"},"acf":[],"_links":{"self":[{"href":"https:\/\/kingarms.ee\/fi\/wp-json\/wp\/v2\/product\/47027","targetHints":{"allow":["GET"]}}],"collection":[{"href":"https:\/\/kingarms.ee\/fi\/wp-json\/wp\/v2\/product"}],"about":[{"href":"https:\/\/kingarms.ee\/fi\/wp-json\/wp\/v2\/types\/product"}],"wp:featuredmedia":[{"embeddable":true,"href":"https:\/\/kingarms.ee\/fi\/wp-json\/wp\/v2\/media\/46678"}],"wp:attachment":[{"href":"https:\/\/kingarms.ee\/fi\/wp-json\/wp\/v2\/media?parent=47027"}],"wp:term":[{"taxonomy":"product_brand","embeddable":true,"href":"https:\/\/kingarms.ee\/fi\/wp-json\/wp\/v2\/product_brand?post=47027"},{"taxonomy":"product_cat","embeddable":true,"href":"https:\/\/kingarms.ee\/fi\/wp-json\/wp\/v2\/product_cat?post=47027"},{"taxonomy":"product_tag","embeddable":true,"href":"https:\/\/kingarms.ee\/fi\/wp-json\/wp\/v2\/product_tag?post=47027"}],"curies":[{"name":"wp","href":"https:\/\/api.w.org\/{rel}","templated":true}]}}