{"id":47054,"date":"2022-04-29T14:01:11","date_gmt":"2022-04-29T15:51:43","guid":{"rendered":"https:\/\/kingarms.ee\/product\/royal-m4-magazine-pouch-oliivin-drab\/"},"modified":"2023-12-16T15:30:37","modified_gmt":"2023-12-16T12:30:37","slug":"royal-m4-magazine-pouch-oliivinvihrea","status":"publish","type":"product","link":"https:\/\/kingarms.ee\/fi\/product\/royal-m4-magazine-pouch-oliivinvihrea\/","title":{"rendered":"ROYAL M4 MAGAZINE POUCH OLIIVIN DRAB"},"content":{"rendered":"","protected":false},"excerpt":{"rendered":"<p>M4 magazine pussi cordura kankas sivu joustava ranka koukku ja silmukka taka mollej\u00e4rjestelm\u00e4n mitat: 105mm x 117mm x (max) 80mm paino: 90g oliivivihre\u00e4 v\u00e4ri<\/p>\n","protected":false},"featured_media":46935,"template":"","meta":{"_acf_changed":false},"product_brand":[],"product_cat":[264,899],"product_tag":[],"class_list":{"0":"post-47054","1":"product","2":"type-product","3":"status-publish","4":"has-post-thumbnail","6":"product_cat-taskut-laukut-vyot","7":"product_cat-sailytystaskut","9":"first","10":"instock","11":"purchasable","12":"product-type-simple"},"acf":[],"_links":{"self":[{"href":"https:\/\/kingarms.ee\/fi\/wp-json\/wp\/v2\/product\/47054","targetHints":{"allow":["GET"]}}],"collection":[{"href":"https:\/\/kingarms.ee\/fi\/wp-json\/wp\/v2\/product"}],"about":[{"href":"https:\/\/kingarms.ee\/fi\/wp-json\/wp\/v2\/types\/product"}],"wp:featuredmedia":[{"embeddable":true,"href":"https:\/\/kingarms.ee\/fi\/wp-json\/wp\/v2\/media\/46935"}],"wp:attachment":[{"href":"https:\/\/kingarms.ee\/fi\/wp-json\/wp\/v2\/media?parent=47054"}],"wp:term":[{"taxonomy":"product_brand","embeddable":true,"href":"https:\/\/kingarms.ee\/fi\/wp-json\/wp\/v2\/product_brand?post=47054"},{"taxonomy":"product_cat","embeddable":true,"href":"https:\/\/kingarms.ee\/fi\/wp-json\/wp\/v2\/product_cat?post=47054"},{"taxonomy":"product_tag","embeddable":true,"href":"https:\/\/kingarms.ee\/fi\/wp-json\/wp\/v2\/product_tag?post=47054"}],"curies":[{"name":"wp","href":"https:\/\/api.w.org\/{rel}","templated":true}]}}