{"id":47067,"date":"2022-04-29T14:01:11","date_gmt":"2022-04-29T15:51:46","guid":{"rendered":"https:\/\/kingarms.ee\/product\/royal-taittuva-veitsipussi-tan\/"},"modified":"2024-08-09T10:15:21","modified_gmt":"2024-08-09T07:15:21","slug":"kuninkaallinen-taittuva-veitsi-pussi-rusketus","status":"publish","type":"product","link":"https:\/\/kingarms.ee\/fi\/product\/kuninkaallinen-taittuva-veitsi-pussi-rusketus\/","title":{"rendered":"ROYAL TAITTUVA VEITSIPUSSI TAN"},"content":{"rendered":"","protected":false},"excerpt":{"rendered":"<p>Taittuva veitsipussi 1000d nylon kankas s\u00e4\u00e4dett\u00e4v\u00e4 clip culle taka molle j\u00e4rjestelm\u00e4 vekon maxpituus (kiinni) 125mm mitat 110mm x 50mm x 50mm paino 70g<\/p>\n","protected":false},"featured_media":46107,"template":"","meta":{"_acf_changed":false},"product_brand":[],"product_cat":[264,646],"product_tag":[],"class_list":{"0":"post-47067","1":"product","2":"type-product","3":"status-publish","4":"has-post-thumbnail","6":"product_cat-taskut-laukut-vyot","7":"product_cat-taskut","9":"first","10":"instock","11":"sale","12":"purchasable","13":"product-type-simple"},"acf":[],"_links":{"self":[{"href":"https:\/\/kingarms.ee\/fi\/wp-json\/wp\/v2\/product\/47067","targetHints":{"allow":["GET"]}}],"collection":[{"href":"https:\/\/kingarms.ee\/fi\/wp-json\/wp\/v2\/product"}],"about":[{"href":"https:\/\/kingarms.ee\/fi\/wp-json\/wp\/v2\/types\/product"}],"wp:featuredmedia":[{"embeddable":true,"href":"https:\/\/kingarms.ee\/fi\/wp-json\/wp\/v2\/media\/46107"}],"wp:attachment":[{"href":"https:\/\/kingarms.ee\/fi\/wp-json\/wp\/v2\/media?parent=47067"}],"wp:term":[{"taxonomy":"product_brand","embeddable":true,"href":"https:\/\/kingarms.ee\/fi\/wp-json\/wp\/v2\/product_brand?post=47067"},{"taxonomy":"product_cat","embeddable":true,"href":"https:\/\/kingarms.ee\/fi\/wp-json\/wp\/v2\/product_cat?post=47067"},{"taxonomy":"product_tag","embeddable":true,"href":"https:\/\/kingarms.ee\/fi\/wp-json\/wp\/v2\/product_tag?post=47067"}],"curies":[{"name":"wp","href":"https:\/\/api.w.org\/{rel}","templated":true}]}}