{"id":47128,"date":"2022-04-29T14:01:00","date_gmt":"2022-04-29T16:01:23","guid":{"rendered":"https:\/\/kingarms.ee\/product\/royal-aselaussi-106cm-oliivivihrea\/"},"modified":"2024-08-09T10:37:00","modified_gmt":"2024-08-09T07:37:00","slug":"kuninkaallinen-ase-laukku-106cm-oliivinvihrea","status":"publish","type":"product","link":"https:\/\/kingarms.ee\/fi\/product\/kuninkaallinen-ase-laukku-106cm-oliivinvihrea\/","title":{"rendered":"ROYAL ASELAUSSI 106CM OLIIVIVIHRE\u00c4"},"content":{"rendered":"","protected":false},"excerpt":{"rendered":"<p>Asetukset<br \/>\nTopeattu cordura<br \/>\nKaksiveskulukko<br \/>\n1x etutasku tarkakulkimisella 260mm x 170mm<br \/>\n1x etutasku tarkakulkimisella ja ulkoisella tarkkaalla 150mm x 170mm<br \/>\n2x etutasku tarkakulkimisella 110mm x 150mm<br \/>\n1x l\u00e4pin\u00e4kyv\u00e4 taskku 85mm x 60mm<br \/>\nKaksi kannattaminen k\u00e4sin kannattamiseen<br \/>\nS\u00e4\u00e4dett\u00e4v\u00e4 kannattaminen olkaan mukana<br \/>\nUlkomitat 880mm x 300mm<br \/>\nSis\u00e4mitat 850mm x 280mm<\/p>\n","protected":false},"featured_media":46051,"template":"","meta":{"_acf_changed":false},"product_brand":[],"product_cat":[645,652,264],"product_tag":[],"class_list":{"0":"post-47128","1":"product","2":"type-product","3":"status-publish","4":"has-post-thumbnail","6":"product_cat-laukut","7":"product_cat-laukut-fi","8":"product_cat-taskut-laukut-vyot","10":"first","11":"instock","12":"purchasable","13":"product-type-simple"},"acf":[],"_links":{"self":[{"href":"https:\/\/kingarms.ee\/fi\/wp-json\/wp\/v2\/product\/47128","targetHints":{"allow":["GET"]}}],"collection":[{"href":"https:\/\/kingarms.ee\/fi\/wp-json\/wp\/v2\/product"}],"about":[{"href":"https:\/\/kingarms.ee\/fi\/wp-json\/wp\/v2\/types\/product"}],"wp:featuredmedia":[{"embeddable":true,"href":"https:\/\/kingarms.ee\/fi\/wp-json\/wp\/v2\/media\/46051"}],"wp:attachment":[{"href":"https:\/\/kingarms.ee\/fi\/wp-json\/wp\/v2\/media?parent=47128"}],"wp:term":[{"taxonomy":"product_brand","embeddable":true,"href":"https:\/\/kingarms.ee\/fi\/wp-json\/wp\/v2\/product_brand?post=47128"},{"taxonomy":"product_cat","embeddable":true,"href":"https:\/\/kingarms.ee\/fi\/wp-json\/wp\/v2\/product_cat?post=47128"},{"taxonomy":"product_tag","embeddable":true,"href":"https:\/\/kingarms.ee\/fi\/wp-json\/wp\/v2\/product_tag?post=47128"}],"curies":[{"name":"wp","href":"https:\/\/api.w.org\/{rel}","templated":true}]}}