{"id":47129,"date":"2022-04-29T14:01:00","date_gmt":"2022-04-29T16:01:58","guid":{"rendered":"https:\/\/kingarms.ee\/product\/royal-aselaukku-106cm-musta\/"},"modified":"2023-12-16T15:30:47","modified_gmt":"2023-12-16T12:30:47","slug":"royal-ase-laukku-106cm-musta","status":"publish","type":"product","link":"https:\/\/kingarms.ee\/fi\/product\/royal-ase-laukku-106cm-musta\/","title":{"rendered":"ROYAL ASELAUKKU 106cm MUSTA"},"content":{"rendered":"","protected":false},"excerpt":{"rendered":"<p>Royal aselaukku 106cm musta<\/p>\n<p>Asetukset<br \/>\nTopeattu cordura<br \/>\nKaksiveskulukko<br \/>\n1x etutasku tarkakulkimisella ja ulkoisella tarkkaalla 200mm x 180mm<br \/>\n3x etutasku tarkakulkimisella 100mm x 150mm<br \/>\n1x l\u00e4pin\u00e4kyv\u00e4 taskku 80mm x 55mm<br \/>\nKaksi kannattaminen k\u00e4sin kannattamiseen<br \/>\nS\u00e4\u00e4dett\u00e4v\u00e4 kannattaminen olkaan mukana<br \/>\nUlkomitat 1060mm x 260mm<br \/>\nSis\u00e4mitat 1050mm x 240mm<\/p>\n","protected":false},"featured_media":46055,"template":"","meta":{"_acf_changed":false},"product_brand":[],"product_cat":[652,264,645],"product_tag":[],"class_list":{"0":"post-47129","1":"product","2":"type-product","3":"status-publish","4":"has-post-thumbnail","6":"product_cat-laukut-fi","7":"product_cat-taskut-laukut-vyot","8":"product_cat-laukut","10":"first","11":"instock","12":"purchasable","13":"product-type-simple"},"acf":[],"_links":{"self":[{"href":"https:\/\/kingarms.ee\/fi\/wp-json\/wp\/v2\/product\/47129","targetHints":{"allow":["GET"]}}],"collection":[{"href":"https:\/\/kingarms.ee\/fi\/wp-json\/wp\/v2\/product"}],"about":[{"href":"https:\/\/kingarms.ee\/fi\/wp-json\/wp\/v2\/types\/product"}],"wp:featuredmedia":[{"embeddable":true,"href":"https:\/\/kingarms.ee\/fi\/wp-json\/wp\/v2\/media\/46055"}],"wp:attachment":[{"href":"https:\/\/kingarms.ee\/fi\/wp-json\/wp\/v2\/media?parent=47129"}],"wp:term":[{"taxonomy":"product_brand","embeddable":true,"href":"https:\/\/kingarms.ee\/fi\/wp-json\/wp\/v2\/product_brand?post=47129"},{"taxonomy":"product_cat","embeddable":true,"href":"https:\/\/kingarms.ee\/fi\/wp-json\/wp\/v2\/product_cat?post=47129"},{"taxonomy":"product_tag","embeddable":true,"href":"https:\/\/kingarms.ee\/fi\/wp-json\/wp\/v2\/product_tag?post=47129"}],"curies":[{"name":"wp","href":"https:\/\/api.w.org\/{rel}","templated":true}]}}