{"id":47585,"date":"2022-04-30T08:18:21","date_gmt":"2022-04-30T08:58:38","guid":{"rendered":"https:\/\/kingarms.ee\/product\/ek-kids-compound-bow-kirupira-15-20-lbs-camo-versio\/"},"modified":"2023-12-16T15:30:41","modified_gmt":"2023-12-16T12:30:41","slug":"ek-kids-compound-bow-kirupira-15-20-lbs-camo-versio","status":"publish","type":"product","link":"https:\/\/kingarms.ee\/fi\/product\/ek-kids-compound-bow-kirupira-15-20-lbs-camo-versio\/","title":{"rendered":"EK KIDS COMPOUND BOW KIRUPIRA 15-20 LBS CAMO VERSIO"},"content":{"rendered":"","protected":false},"excerpt":{"rendered":"<p>Kids yhdistelm\u00e4jousia<br \/>\nS\u00e4\u00e4dett\u00e4v\u00e4 15-20 lbs<br \/>\nPituus 22-24 tuumaa<br \/>\nKest\u00e4v\u00e4 ymposiittikorostin<br \/>\nKest\u00e4v\u00e4t ymposiittiraajat<br \/>\nArmguard<br \/>\n2x 26 tuumaa lasikuitunuolta<br \/>\n4 kpl. Nuoliviine<br \/>\n1-pin messinki\u00e4ytt\u00f6<br \/>\nTorvi kumituki<br \/>\n3 sormi tab<br \/>\nCamo v\u00e4ri<\/p>\n","protected":false},"featured_media":47229,"template":"","meta":{"_acf_changed":false},"product_brand":[],"product_cat":[803,257],"product_tag":[],"class_list":{"0":"post-47585","1":"product","2":"type-product","3":"status-publish","4":"has-post-thumbnail","6":"product_cat-jouset","7":"product_cat-keula-ja-pitkajousi","9":"first","10":"instock","11":"taxable","12":"shipping-taxable","13":"purchasable","14":"product-type-simple"},"acf":[],"_links":{"self":[{"href":"https:\/\/kingarms.ee\/fi\/wp-json\/wp\/v2\/product\/47585","targetHints":{"allow":["GET"]}}],"collection":[{"href":"https:\/\/kingarms.ee\/fi\/wp-json\/wp\/v2\/product"}],"about":[{"href":"https:\/\/kingarms.ee\/fi\/wp-json\/wp\/v2\/types\/product"}],"wp:featuredmedia":[{"embeddable":true,"href":"https:\/\/kingarms.ee\/fi\/wp-json\/wp\/v2\/media\/47229"}],"wp:attachment":[{"href":"https:\/\/kingarms.ee\/fi\/wp-json\/wp\/v2\/media?parent=47585"}],"wp:term":[{"taxonomy":"product_brand","embeddable":true,"href":"https:\/\/kingarms.ee\/fi\/wp-json\/wp\/v2\/product_brand?post=47585"},{"taxonomy":"product_cat","embeddable":true,"href":"https:\/\/kingarms.ee\/fi\/wp-json\/wp\/v2\/product_cat?post=47585"},{"taxonomy":"product_tag","embeddable":true,"href":"https:\/\/kingarms.ee\/fi\/wp-json\/wp\/v2\/product_tag?post=47585"}],"curies":[{"name":"wp","href":"https:\/\/api.w.org\/{rel}","templated":true}]}}