{"id":47630,"date":"2022-04-30T09:24:19","date_gmt":"2022-04-30T08:58:48","guid":{"rendered":"https:\/\/kingarms.ee\/product\/gg-gas-pistol-gpm92-desert-tan\/"},"modified":"2023-12-16T15:16:06","modified_gmt":"2023-12-16T12:16:06","slug":"gg-gas-pistol-gpm92-desert-tan-2","status":"publish","type":"product","link":"https:\/\/kingarms.ee\/fi\/product\/gg-gas-pistol-gpm92-desert-tan-2\/","title":{"rendered":"G&amp;G GAS PISTOL GPM92 DESERT TAN"},"content":{"rendered":"","protected":false},"excerpt":{"rendered":"<p>G&amp;amp;g gas pistol gpm92 desert tan<\/p>\n<p>Kaasun takaupistoli<br \/>\nT\u00e4ytt\u00e4 metallia<br \/>\nLehti 27 kierrosta<br \/>\nTyypin alla<br \/>\nTulotila: turvallisuus, yksi lasku<br \/>\nS\u00e4\u00e4dett\u00e4v\u00e4 hop up<br \/>\nPituus 226mm<br \/>\nPaino 1020g<\/p>\n","protected":false},"featured_media":47403,"template":"","meta":{"_acf_changed":false},"product_brand":[],"product_cat":[252],"product_tag":[],"class_list":{"0":"post-47630","1":"product","2":"type-product","3":"status-publish","4":"has-post-thumbnail","6":"product_cat-kaasutoimiset-aseet","8":"first","9":"instock","10":"taxable","11":"shipping-taxable","12":"purchasable","13":"product-type-simple"},"acf":[],"_links":{"self":[{"href":"https:\/\/kingarms.ee\/fi\/wp-json\/wp\/v2\/product\/47630","targetHints":{"allow":["GET"]}}],"collection":[{"href":"https:\/\/kingarms.ee\/fi\/wp-json\/wp\/v2\/product"}],"about":[{"href":"https:\/\/kingarms.ee\/fi\/wp-json\/wp\/v2\/types\/product"}],"wp:featuredmedia":[{"embeddable":true,"href":"https:\/\/kingarms.ee\/fi\/wp-json\/wp\/v2\/media\/47403"}],"wp:attachment":[{"href":"https:\/\/kingarms.ee\/fi\/wp-json\/wp\/v2\/media?parent=47630"}],"wp:term":[{"taxonomy":"product_brand","embeddable":true,"href":"https:\/\/kingarms.ee\/fi\/wp-json\/wp\/v2\/product_brand?post=47630"},{"taxonomy":"product_cat","embeddable":true,"href":"https:\/\/kingarms.ee\/fi\/wp-json\/wp\/v2\/product_cat?post=47630"},{"taxonomy":"product_tag","embeddable":true,"href":"https:\/\/kingarms.ee\/fi\/wp-json\/wp\/v2\/product_tag?post=47630"}],"curies":[{"name":"wp","href":"https:\/\/api.w.org\/{rel}","templated":true}]}}