{"id":47653,"date":"2022-04-30T09:41:36","date_gmt":"2022-04-30T08:58:55","guid":{"rendered":"https:\/\/kingarms.ee\/product\/gg-kaasukivaari-smc-9-musta\/"},"modified":"2023-12-16T15:21:00","modified_gmt":"2023-12-16T12:21:00","slug":"gg-kaasukayttoinen-kivaari-smc-9-musta","status":"publish","type":"product","link":"https:\/\/kingarms.ee\/fi\/product\/gg-kaasukayttoinen-kivaari-smc-9-musta\/","title":{"rendered":"G&amp;G KAASUKIV\u00c4\u00c4RI SMC-9 MUSTA"},"content":{"rendered":"","protected":false},"excerpt":{"rendered":"<p>Kaasuk\u00e4ytt\u00f6inen kiv\u00e4\u00e4ri smc-9<br \/>\nSarjat sis\u00e4lt\u00e4\u00e4 smc-9-muutossarjan pistoolista carabiniksi ja gtp9-kaasupistolin ilman luukkua<br \/>\nHi-cap 50 rounds gas magazine<br \/>\nTakaisin<br \/>\nAlumiini k\u00e4sinsuojat<br \/>\nTaittuva polymerij\u00e4rjestelm\u00e4<br \/>\nK\u00e4\u00e4nnett\u00e4v\u00e4t s\u00e4\u00e4dett\u00e4v\u00e4t n\u00e4ht\u00f6t<br \/>\nNopea s\u00e4\u00e4dett\u00e4v\u00e4 hoppus s\u00e4\u00e4t\u00f6ty\u00f6kalulla (mukana)<br \/>\nStandardi 20mm yl\u00e4kaiko<br \/>\nAmbidextrous latauskahva<br \/>\nTulotila: turvallinen, yksi lasku ja r\u00e4j\u00e4hdys<br \/>\nQd sling kiinnike<br \/>\nPituus 415-620 mm<br \/>\nPaino 2100g<\/p>\n","protected":false},"featured_media":47456,"template":"","meta":{"_acf_changed":false},"product_brand":[],"product_cat":[251],"product_tag":[],"class_list":{"0":"post-47653","1":"product","2":"type-product","3":"status-publish","4":"has-post-thumbnail","6":"product_cat-sahkoaseet","8":"first","9":"onbackorder","10":"taxable","11":"shipping-taxable","12":"product-type-simple"},"acf":[],"_links":{"self":[{"href":"https:\/\/kingarms.ee\/fi\/wp-json\/wp\/v2\/product\/47653","targetHints":{"allow":["GET"]}}],"collection":[{"href":"https:\/\/kingarms.ee\/fi\/wp-json\/wp\/v2\/product"}],"about":[{"href":"https:\/\/kingarms.ee\/fi\/wp-json\/wp\/v2\/types\/product"}],"wp:featuredmedia":[{"embeddable":true,"href":"https:\/\/kingarms.ee\/fi\/wp-json\/wp\/v2\/media\/47456"}],"wp:attachment":[{"href":"https:\/\/kingarms.ee\/fi\/wp-json\/wp\/v2\/media?parent=47653"}],"wp:term":[{"taxonomy":"product_brand","embeddable":true,"href":"https:\/\/kingarms.ee\/fi\/wp-json\/wp\/v2\/product_brand?post=47653"},{"taxonomy":"product_cat","embeddable":true,"href":"https:\/\/kingarms.ee\/fi\/wp-json\/wp\/v2\/product_cat?post=47653"},{"taxonomy":"product_tag","embeddable":true,"href":"https:\/\/kingarms.ee\/fi\/wp-json\/wp\/v2\/product_tag?post=47653"}],"curies":[{"name":"wp","href":"https:\/\/api.w.org\/{rel}","templated":true}]}}