{"id":47659,"date":"2022-04-30T09:27:53","date_gmt":"2022-04-30T08:58:58","guid":{"rendered":"https:\/\/kingarms.ee\/product\/gg-kaasupistol-gtp9-musta-harmaa\/"},"modified":"2023-12-16T15:21:00","modified_gmt":"2023-12-16T12:21:00","slug":"gg-gas-pistol-gtp9-musta-harmaa","status":"publish","type":"product","link":"https:\/\/kingarms.ee\/fi\/product\/gg-gas-pistol-gtp9-musta-harmaa\/","title":{"rendered":"G&amp;G KAASUPISTOL GTP9 MUSTA\/HARMAA"},"content":{"rendered":"","protected":false},"excerpt":{"rendered":"<p>Kaasupistol gtp9<br \/>\nRealistinen blowback j\u00e4rjestelm\u00e4<br \/>\nPolymeerirakennus<br \/>\nKierteetty tyyppu<br \/>\n22 rounds -lehti<br \/>\nTyypin alainen standardi 20 mm kisko<br \/>\nAmbidextrous liukaupapainikkeet ja lehden avapainikkeet<br \/>\nInnovatiivinen s\u00e4\u00e4dett\u00e4v\u00e4 hop up -j\u00e4rjestelm\u00e4<br \/>\nS\u00e4\u00e4d\u00e4 hoppua kuonosta takahihmeen talletettulla ty\u00f6kalulla (120 eri s\u00e4\u00e4t\u00f6\u00e4)<br \/>\nUusi keraaminen pyl\u00f6riventtiili, joka est\u00e4\u00e4 sylinterin sis\u00e4lleen rakennettuja pakkasia<br \/>\nTulotila: turvallinen ja yksi lasku<br \/>\nMukana mukana<br \/>\nPituus 215mm<br \/>\nPaino 765g<\/p>\n","protected":false},"featured_media":47421,"template":"","meta":{"_acf_changed":false},"product_brand":[],"product_cat":[252],"product_tag":[],"class_list":{"0":"post-47659","1":"product","2":"type-product","3":"status-publish","4":"has-post-thumbnail","6":"product_cat-kaasutoimiset-aseet","8":"first","9":"instock","10":"taxable","11":"shipping-taxable","12":"purchasable","13":"product-type-simple"},"acf":[],"_links":{"self":[{"href":"https:\/\/kingarms.ee\/fi\/wp-json\/wp\/v2\/product\/47659","targetHints":{"allow":["GET"]}}],"collection":[{"href":"https:\/\/kingarms.ee\/fi\/wp-json\/wp\/v2\/product"}],"about":[{"href":"https:\/\/kingarms.ee\/fi\/wp-json\/wp\/v2\/types\/product"}],"wp:featuredmedia":[{"embeddable":true,"href":"https:\/\/kingarms.ee\/fi\/wp-json\/wp\/v2\/media\/47421"}],"wp:attachment":[{"href":"https:\/\/kingarms.ee\/fi\/wp-json\/wp\/v2\/media?parent=47659"}],"wp:term":[{"taxonomy":"product_brand","embeddable":true,"href":"https:\/\/kingarms.ee\/fi\/wp-json\/wp\/v2\/product_brand?post=47659"},{"taxonomy":"product_cat","embeddable":true,"href":"https:\/\/kingarms.ee\/fi\/wp-json\/wp\/v2\/product_cat?post=47659"},{"taxonomy":"product_tag","embeddable":true,"href":"https:\/\/kingarms.ee\/fi\/wp-json\/wp\/v2\/product_tag?post=47659"}],"curies":[{"name":"wp","href":"https:\/\/api.w.org\/{rel}","templated":true}]}}